{"id":18773,"date":"2026-04-10T18:44:00","date_gmt":"2026-04-10T18:44:00","guid":{"rendered":""},"modified":"2026-04-10T18:44:00","modified_gmt":"2026-04-10T18:44:00","slug":"bico-crusader-kasitsi-valmistatud-kett-f261-5mm-3-16","status":"publish","type":"product","link":"https:\/\/bico.ee\/lv\/p\/bico-crusader-ar-rokam-darinata-kede-f261-5mm-3-16\/","title":{"rendered":"Bico &#8220;Crusader&#8221; ar rok\u0101m darin\u0101ta \u0137\u0113de (F261) 5mm 3\/16\u2033"},"content":{"rendered":"<p>\u0160\u012b \u0137\u0113de ir ori\u0123in\u0101ls Bico dizains, kas izgatavots no individu\u0101li liet\u0101m un ar rok\u0101m gatavot\u0101m alvas sait\u0113m, kuras p\u0113c tam tiek savienotas. \u0136\u0113de ir p\u0101rkl\u0101ta ar t\u012bru sudrabu, mat\u0113ta ar rok\u0101m, p\u0113c tam p\u0101rkl\u0101ta ar augst\u0101k\u0101s klases aizsargk\u0101rtu, lai pagarin\u0101tu nodiluma laiku. Nosaukums: Crusader Roku darbs no individu\u0101li liet\u0101m alvas sait\u0113m, p\u0101rkl\u0101ts ar sudrabu un p\u0113c tam pul\u0113ts l\u012bdz sat\u012bna apdarei. Pieejamie garumi: 40, 45, 50 un 55 cm Pieejams ar\u012b k\u0101 aproce (FB261) garumos: 18, 21 un 24 cm. Var valk\u0101t atsevi\u0161\u0137i vai kop\u0101 ar Bico kulonu<\/p>","protected":false},"excerpt":{"rendered":"<p>F261 0<\/p>\n","protected":false},"featured_media":18774,"template":"","meta":[],"product_cat":[199],"product_tag":[],"_links":{"self":[{"href":"https:\/\/bico.ee\/lv\/wp-json\/wp\/v2\/product\/18773"}],"collection":[{"href":"https:\/\/bico.ee\/lv\/wp-json\/wp\/v2\/product"}],"about":[{"href":"https:\/\/bico.ee\/lv\/wp-json\/wp\/v2\/types\/product"}],"wp:featuredmedia":[{"embeddable":true,"href":"https:\/\/bico.ee\/lv\/wp-json\/wp\/v2\/media\/18774"}],"wp:attachment":[{"href":"https:\/\/bico.ee\/lv\/wp-json\/wp\/v2\/media?parent=18773"}],"wp:term":[{"taxonomy":"product_cat","embeddable":true,"href":"https:\/\/bico.ee\/lv\/wp-json\/wp\/v2\/product_cat?post=18773"},{"taxonomy":"product_tag","embeddable":true,"href":"https:\/\/bico.ee\/lv\/wp-json\/wp\/v2\/product_tag?post=18773"}],"curies":[{"name":"wp","href":"https:\/\/api.w.org\/{rel}","templated":true}]}}