{"id":18785,"date":"2026-04-10T18:44:00","date_gmt":"2026-04-10T18:44:00","guid":{"rendered":""},"modified":"2026-04-10T18:44:00","modified_gmt":"2026-04-10T18:44:00","slug":"bico-bedwang-kasitsi-valmistatud-kummist-ja-metallist-kaelakee-cb2","status":"publish","type":"product","link":"https:\/\/bico.ee\/lv\/p\/bico-bedwang-ar-rokam-darinata-gumijas-un-metala-kaklarota-cb2\/","title":{"rendered":"Bico &#8220;Bedwang&#8221; ar rok\u0101m darin\u0101ta gumijas un met\u0101la kaklarota (CB2)"},"content":{"rendered":"<p>\u0160\u012b \u0137\u0113de ir ori\u0123in\u0101ls Bico dizains, kas izgatavots no individu\u0101li lietiem un ar rok\u0101m gatavotiem alvas elementiem, kas p\u0113c tam tiek samont\u0113ti uz gumijas auklas. Met\u0101ls ir p\u0101rkl\u0101ts ar t\u012bru sudrabu, mat\u0113ts ar rok\u0101m, p\u0113c tam p\u0101rkl\u0101ts ar augst\u0101k\u0101s klases aizsargk\u0101rtu, lai pagarin\u0101tu nodiluma laiku. Nosaukums: Bedwang Noz\u012bme: Legacy Of The Ocean Roku darbs no individu\u0101li lietiem un gataviem alvas elementiem uz gumijas auklas Pieejamie garumi: 40, 45 un 50 cm.<\/p>","protected":false},"excerpt":{"rendered":"<p>CB2 0<\/p>\n","protected":false},"featured_media":18786,"template":"","meta":[],"product_cat":[103],"product_tag":[],"_links":{"self":[{"href":"https:\/\/bico.ee\/lv\/wp-json\/wp\/v2\/product\/18785"}],"collection":[{"href":"https:\/\/bico.ee\/lv\/wp-json\/wp\/v2\/product"}],"about":[{"href":"https:\/\/bico.ee\/lv\/wp-json\/wp\/v2\/types\/product"}],"wp:featuredmedia":[{"embeddable":true,"href":"https:\/\/bico.ee\/lv\/wp-json\/wp\/v2\/media\/18786"}],"wp:attachment":[{"href":"https:\/\/bico.ee\/lv\/wp-json\/wp\/v2\/media?parent=18785"}],"wp:term":[{"taxonomy":"product_cat","embeddable":true,"href":"https:\/\/bico.ee\/lv\/wp-json\/wp\/v2\/product_cat?post=18785"},{"taxonomy":"product_tag","embeddable":true,"href":"https:\/\/bico.ee\/lv\/wp-json\/wp\/v2\/product_tag?post=18785"}],"curies":[{"name":"wp","href":"https:\/\/api.w.org\/{rel}","templated":true}]}}