{"id":18801,"date":"2026-04-10T18:44:00","date_gmt":"2026-04-10T18:44:00","guid":{"rendered":""},"modified":"2026-04-10T18:44:00","modified_gmt":"2026-04-10T18:44:00","slug":"bico-4mm-must-nahast-kaelakee-cl1-must-silver","status":"publish","type":"product","link":"https:\/\/bico.ee\/lv\/p\/bico-4mm-melna-adas-kaklarota-cl1-melna-sudraba\/","title":{"rendered":"Bico 4mm melna \u0101das kaklarota (CL1 melna sudraba)"},"content":{"rendered":"<p>BICO \u0101das izstr\u0101d\u0101jumi ir izgatavoti, izmantojot tikai \u012bstas govs \u0101das. T\u0101 k\u0101 \u0101da ir dabisks produkts, katra gabala kr\u0101sa un fakt\u016bra nedaudz at\u0161\u0137iras. Izgatavots, izmantojot 4 mm \u0101du ar roku lietiem un gataviem galiem un cilpu &#8211; komplekt\u0101 ir papildu vienk\u0101r\u0161a cilpa. Pieejamie garumi: 40, 45, 50, 55 un 65 cm Bico pied\u0101v\u0101 virkni ori\u0123in\u0101lu kulonu, lai pabeigtu komplektu.<\/p>","protected":false},"excerpt":{"rendered":"<p>CL1BLK 0<\/p>\n","protected":false},"featured_media":18802,"template":"","meta":[],"product_cat":[313],"product_tag":[],"_links":{"self":[{"href":"https:\/\/bico.ee\/lv\/wp-json\/wp\/v2\/product\/18801"}],"collection":[{"href":"https:\/\/bico.ee\/lv\/wp-json\/wp\/v2\/product"}],"about":[{"href":"https:\/\/bico.ee\/lv\/wp-json\/wp\/v2\/types\/product"}],"wp:featuredmedia":[{"embeddable":true,"href":"https:\/\/bico.ee\/lv\/wp-json\/wp\/v2\/media\/18802"}],"wp:attachment":[{"href":"https:\/\/bico.ee\/lv\/wp-json\/wp\/v2\/media?parent=18801"}],"wp:term":[{"taxonomy":"product_cat","embeddable":true,"href":"https:\/\/bico.ee\/lv\/wp-json\/wp\/v2\/product_cat?post=18801"},{"taxonomy":"product_tag","embeddable":true,"href":"https:\/\/bico.ee\/lv\/wp-json\/wp\/v2\/product_tag?post=18801"}],"curies":[{"name":"wp","href":"https:\/\/api.w.org\/{rel}","templated":true}]}}