{"id":18803,"date":"2026-04-10T18:44:00","date_gmt":"2026-04-10T18:44:00","guid":{"rendered":""},"modified":"2026-04-10T18:44:00","modified_gmt":"2026-04-10T18:44:00","slug":"bico-4mm-pruun-nahast-kaelakee-hobedase-silmuse-ja-otstega-cl1-pruun","status":"publish","type":"product","link":"https:\/\/bico.ee\/lv\/p\/bico-4-mm-bruna-adas-kaklarota-ar-sudraba-cilpu-un-galiem-cl1-bruns\/","title":{"rendered":"Bico 4 mm br\u016bna \u0101das kaklarota ar sudraba cilpu un galiem (CL1 br\u016bns)"},"content":{"rendered":"<p>BICO \u0101das izstr\u0101d\u0101jumi ir izgatavoti, izmantojot tikai \u012bstas govs \u0101das. T\u0101 k\u0101 \u0101da ir dabisks produkts, katra gabala kr\u0101sa un fakt\u016bra nedaudz at\u0161\u0137iras. Izgatavots, izmantojot 4 mm \u0101du ar roku lietiem un gataviem galiem un cilpu &#8211; komplekt\u0101 ir papildu vienk\u0101r\u0161a cilpa. Pieejamie garumi: 40, 45, 50 un 55 cm Bico pied\u0101v\u0101 virkni ori\u0123in\u0101lu kulonu, lai pabeigtu komplektu.<\/p>","protected":false},"excerpt":{"rendered":"<p>CL1BR 0<\/p>\n","protected":false},"featured_media":18804,"template":"","meta":[],"product_cat":[313],"product_tag":[],"_links":{"self":[{"href":"https:\/\/bico.ee\/lv\/wp-json\/wp\/v2\/product\/18803"}],"collection":[{"href":"https:\/\/bico.ee\/lv\/wp-json\/wp\/v2\/product"}],"about":[{"href":"https:\/\/bico.ee\/lv\/wp-json\/wp\/v2\/types\/product"}],"wp:featuredmedia":[{"embeddable":true,"href":"https:\/\/bico.ee\/lv\/wp-json\/wp\/v2\/media\/18804"}],"wp:attachment":[{"href":"https:\/\/bico.ee\/lv\/wp-json\/wp\/v2\/media?parent=18803"}],"wp:term":[{"taxonomy":"product_cat","embeddable":true,"href":"https:\/\/bico.ee\/lv\/wp-json\/wp\/v2\/product_cat?post=18803"},{"taxonomy":"product_tag","embeddable":true,"href":"https:\/\/bico.ee\/lv\/wp-json\/wp\/v2\/product_tag?post=18803"}],"curies":[{"name":"wp","href":"https:\/\/api.w.org\/{rel}","templated":true}]}}