{"id":18809,"date":"2026-04-10T18:44:00","date_gmt":"2026-04-10T18:44:00","guid":{"rendered":""},"modified":"2026-04-10T18:44:00","modified_gmt":"2026-04-10T18:44:00","slug":"bico-4mm-must-kummist-kaelakee-cl5-suuruste-valik-40cm-45cm-50cm-55cm-65cm-75cm","status":"publish","type":"product","link":"https:\/\/bico.ee\/lv\/p\/bico-4mm-melna-gumijas-kaklarota-cl5\/","title":{"rendered":"Bico 4mm melna gumijas kaklarota (CL5)"},"content":{"rendered":"<p>Izgatavots, izmantojot 4 mm gumijas auklu un sat\u012bna apdari no ner\u016bs\u0113jo\u0161\u0101 t\u0113rauda. Pieejamie garumi: 40, 45, 50, 55, 65 un 75 cm Bico pied\u0101v\u0101 ori\u0123in\u0101lu kulonu kl\u0101stu komplekta komplekt\u0113\u0161anai.<\/p>","protected":false},"excerpt":{"rendered":"<p>CL5 0<\/p>\n","protected":false},"featured_media":18810,"template":"","meta":[],"product_cat":[313],"product_tag":[],"_links":{"self":[{"href":"https:\/\/bico.ee\/lv\/wp-json\/wp\/v2\/product\/18809"}],"collection":[{"href":"https:\/\/bico.ee\/lv\/wp-json\/wp\/v2\/product"}],"about":[{"href":"https:\/\/bico.ee\/lv\/wp-json\/wp\/v2\/types\/product"}],"wp:featuredmedia":[{"embeddable":true,"href":"https:\/\/bico.ee\/lv\/wp-json\/wp\/v2\/media\/18810"}],"wp:attachment":[{"href":"https:\/\/bico.ee\/lv\/wp-json\/wp\/v2\/media?parent=18809"}],"wp:term":[{"taxonomy":"product_cat","embeddable":true,"href":"https:\/\/bico.ee\/lv\/wp-json\/wp\/v2\/product_cat?post=18809"},{"taxonomy":"product_tag","embeddable":true,"href":"https:\/\/bico.ee\/lv\/wp-json\/wp\/v2\/product_tag?post=18809"}],"curies":[{"name":"wp","href":"https:\/\/api.w.org\/{rel}","templated":true}]}}