{"id":18821,"date":"2026-04-10T18:44:00","date_gmt":"2026-04-10T18:44:00","guid":{"rendered":""},"modified":"2026-04-10T18:44:00","modified_gmt":"2026-04-10T18:44:00","slug":"bico-2mm-pruun-nahast-kaelakee-cl8-pruun","status":"publish","type":"product","link":"https:\/\/bico.ee\/lv\/p\/bico-2mm-bruna-adas-kaklarota-cl8-bruna\/","title":{"rendered":"Bico 2mm br\u016bna \u0101das kaklarota (CL8 br\u016bna)"},"content":{"rendered":"<p>BICO \u0101das izstr\u0101d\u0101jumi ir izgatavoti, izmantojot tikai \u012bstas govs \u0101das. T\u0101 k\u0101 \u0101da ir dabisks produkts, katra gabala kr\u0101sa un fakt\u016bra nedaudz at\u0161\u0137iras. Izgatavots, izmantojot 2 mm \u0101das auklu un sat\u012bna apdari no ner\u016bs\u0113jo\u0161\u0101 t\u0113rauda. Pieejams meln\u0101 vai br\u016bn\u0101 \u0101d\u0101 Pieejamie garumi: 40, 45, 50 un 55 cm Bico pied\u0101v\u0101 virkni ori\u0123in\u0101lu kulonu, lai pabeigtu komplektu.<\/p>","protected":false},"excerpt":{"rendered":"<p>CL8BR 0<\/p>\n","protected":false},"featured_media":18822,"template":"","meta":[],"product_cat":[313],"product_tag":[],"_links":{"self":[{"href":"https:\/\/bico.ee\/lv\/wp-json\/wp\/v2\/product\/18821"}],"collection":[{"href":"https:\/\/bico.ee\/lv\/wp-json\/wp\/v2\/product"}],"about":[{"href":"https:\/\/bico.ee\/lv\/wp-json\/wp\/v2\/types\/product"}],"wp:featuredmedia":[{"embeddable":true,"href":"https:\/\/bico.ee\/lv\/wp-json\/wp\/v2\/media\/18822"}],"wp:attachment":[{"href":"https:\/\/bico.ee\/lv\/wp-json\/wp\/v2\/media?parent=18821"}],"wp:term":[{"taxonomy":"product_cat","embeddable":true,"href":"https:\/\/bico.ee\/lv\/wp-json\/wp\/v2\/product_cat?post=18821"},{"taxonomy":"product_tag","embeddable":true,"href":"https:\/\/bico.ee\/lv\/wp-json\/wp\/v2\/product_tag?post=18821"}],"curies":[{"name":"wp","href":"https:\/\/api.w.org\/{rel}","templated":true}]}}