{"id":18823,"date":"2026-04-10T18:44:00","date_gmt":"2026-04-10T18:44:00","guid":{"rendered":""},"modified":"2026-04-10T18:44:00","modified_gmt":"2026-04-10T18:44:00","slug":"bico-5mm-must-kummist-kaelakee-cl11","status":"publish","type":"product","link":"https:\/\/bico.ee\/lv\/p\/bico-5mm-melna-gumijas-kaklarota-cl11\/","title":{"rendered":"Bico 5mm melna gumijas kaklarota (CL11)"},"content":{"rendered":"<p>Izgatavots, izmantojot 5 mm gumijas auklu un sat\u012bna apdari no ner\u016bs\u0113jo\u0161\u0101 t\u0113rauda. Pieejamie garumi: 40, 45, 50 un 55 cm Bico pied\u0101v\u0101 virkni ori\u0123in\u0101lu kulonu, lai pabeigtu komplektu.<\/p>","protected":false},"excerpt":{"rendered":"<p>CL11 0<\/p>\n","protected":false},"featured_media":18824,"template":"","meta":[],"product_cat":[313],"product_tag":[],"_links":{"self":[{"href":"https:\/\/bico.ee\/lv\/wp-json\/wp\/v2\/product\/18823"}],"collection":[{"href":"https:\/\/bico.ee\/lv\/wp-json\/wp\/v2\/product"}],"about":[{"href":"https:\/\/bico.ee\/lv\/wp-json\/wp\/v2\/types\/product"}],"wp:featuredmedia":[{"embeddable":true,"href":"https:\/\/bico.ee\/lv\/wp-json\/wp\/v2\/media\/18824"}],"wp:attachment":[{"href":"https:\/\/bico.ee\/lv\/wp-json\/wp\/v2\/media?parent=18823"}],"wp:term":[{"taxonomy":"product_cat","embeddable":true,"href":"https:\/\/bico.ee\/lv\/wp-json\/wp\/v2\/product_cat?post=18823"},{"taxonomy":"product_tag","embeddable":true,"href":"https:\/\/bico.ee\/lv\/wp-json\/wp\/v2\/product_tag?post=18823"}],"curies":[{"name":"wp","href":"https:\/\/api.w.org\/{rel}","templated":true}]}}