{"id":18827,"date":"2026-04-10T18:44:00","date_gmt":"2026-04-10T18:44:00","guid":{"rendered":""},"modified":"2026-04-10T18:44:00","modified_gmt":"2026-04-10T18:44:00","slug":"bico-2mm-pruun-punutud-kaelakee-cl12-pruun","status":"publish","type":"product","link":"https:\/\/bico.ee\/lv\/p\/bico-2mm-bruna-pita-kaklarota-cl12-bruna\/","title":{"rendered":"Bico 2mm br\u016bna p\u012bta kaklarota (CL12 br\u016bna)"},"content":{"rendered":"<p>Izgatavots, izmantojot 2 mm p\u012btu \u0101das auklu un sat\u012bna apdari no ner\u016bs\u0113jo\u0161\u0101 t\u0113rauda. Pieejamie garumi: 40, 45, 50, 55 un 65 cm Bico pied\u0101v\u0101 virkni ori\u0123in\u0101lu piekari\u0146u komplekta komplekt\u0113\u0161anai.<\/p>","protected":false},"excerpt":{"rendered":"<p>CL12BR 0<\/p>\n","protected":false},"featured_media":18828,"template":"","meta":[],"product_cat":[313],"product_tag":[],"_links":{"self":[{"href":"https:\/\/bico.ee\/lv\/wp-json\/wp\/v2\/product\/18827"}],"collection":[{"href":"https:\/\/bico.ee\/lv\/wp-json\/wp\/v2\/product"}],"about":[{"href":"https:\/\/bico.ee\/lv\/wp-json\/wp\/v2\/types\/product"}],"wp:featuredmedia":[{"embeddable":true,"href":"https:\/\/bico.ee\/lv\/wp-json\/wp\/v2\/media\/18828"}],"wp:attachment":[{"href":"https:\/\/bico.ee\/lv\/wp-json\/wp\/v2\/media?parent=18827"}],"wp:term":[{"taxonomy":"product_cat","embeddable":true,"href":"https:\/\/bico.ee\/lv\/wp-json\/wp\/v2\/product_cat?post=18827"},{"taxonomy":"product_tag","embeddable":true,"href":"https:\/\/bico.ee\/lv\/wp-json\/wp\/v2\/product_tag?post=18827"}],"curies":[{"name":"wp","href":"https:\/\/api.w.org\/{rel}","templated":true}]}}