{"id":18833,"date":"2026-04-10T18:44:00","date_gmt":"2026-04-10T18:44:00","guid":{"rendered":""},"modified":"2026-04-10T18:44:00","modified_gmt":"2026-04-10T18:44:00","slug":"bico-4mm-must-punutud-kaelakee-cl14-must","status":"publish","type":"product","link":"https:\/\/bico.ee\/lv\/p\/bico-4mm-melna-pita-kaklarota-cl14-melna\/","title":{"rendered":"Bico 4mm melna p\u012bta kaklarota (CL14 melna)"},"content":{"rendered":"<p>Izgatavots, izmantojot 4 mm p\u012btu auklu un sat\u012bna apdari no ner\u016bs\u0113jo\u0161\u0101 t\u0113rauda. Pieejamie garumi: 40, 45, 50, 55 un 65 cm Bico pied\u0101v\u0101 virkni ori\u0123in\u0101lu piekari\u0146u komplekta komplekt\u0113\u0161anai.<\/p>","protected":false},"excerpt":{"rendered":"<p>CL14BLK 0<\/p>\n","protected":false},"featured_media":18834,"template":"","meta":[],"product_cat":[313],"product_tag":[],"_links":{"self":[{"href":"https:\/\/bico.ee\/lv\/wp-json\/wp\/v2\/product\/18833"}],"collection":[{"href":"https:\/\/bico.ee\/lv\/wp-json\/wp\/v2\/product"}],"about":[{"href":"https:\/\/bico.ee\/lv\/wp-json\/wp\/v2\/types\/product"}],"wp:featuredmedia":[{"embeddable":true,"href":"https:\/\/bico.ee\/lv\/wp-json\/wp\/v2\/media\/18834"}],"wp:attachment":[{"href":"https:\/\/bico.ee\/lv\/wp-json\/wp\/v2\/media?parent=18833"}],"wp:term":[{"taxonomy":"product_cat","embeddable":true,"href":"https:\/\/bico.ee\/lv\/wp-json\/wp\/v2\/product_cat?post=18833"},{"taxonomy":"product_tag","embeddable":true,"href":"https:\/\/bico.ee\/lv\/wp-json\/wp\/v2\/product_tag?post=18833"}],"curies":[{"name":"wp","href":"https:\/\/api.w.org\/{rel}","templated":true}]}}