{"id":18837,"date":"2026-04-10T18:44:00","date_gmt":"2026-04-10T18:44:00","guid":{"rendered":""},"modified":"2026-04-10T18:44:00","modified_gmt":"2026-04-10T18:44:00","slug":"bico-6mm-must-punutud-nahast-kaelakee-kasitsi-valmistatud-klambrite-ja-silmusega-cl15-must","status":"publish","type":"product","link":"https:\/\/bico.ee\/lv\/p\/bico-6mm-melna-pita-adas-kaklarota-ar-rokam-darinatam-aizdari-un-cilpinu-cl15-melna\/","title":{"rendered":"Bico 6mm melna p\u012bta \u0101das kaklarota ar rok\u0101m darin\u0101t\u0101m aizdari un cilpi\u0146u (CL15 melna)"},"content":{"rendered":"<p>Izgatavots no 5 mm p\u012btas \u0101das auklas un sat\u012bna apdares ner\u016bs\u0113jo\u0161\u0101 t\u0113rauda. Pieejams meln\u0101 vai br\u016bn\u0101 \u0101d\u0101 Pieejamie garumi: 40, 45, 50, 55 un 65 cm Bico pied\u0101v\u0101 ori\u0123in\u0101lu kulonu kl\u0101stu komplekta komplekt\u0113\u0161anai.<\/p>","protected":false},"excerpt":{"rendered":"<p>CL15BLK 0<\/p>\n","protected":false},"featured_media":18838,"template":"","meta":[],"product_cat":[313],"product_tag":[],"_links":{"self":[{"href":"https:\/\/bico.ee\/lv\/wp-json\/wp\/v2\/product\/18837"}],"collection":[{"href":"https:\/\/bico.ee\/lv\/wp-json\/wp\/v2\/product"}],"about":[{"href":"https:\/\/bico.ee\/lv\/wp-json\/wp\/v2\/types\/product"}],"wp:featuredmedia":[{"embeddable":true,"href":"https:\/\/bico.ee\/lv\/wp-json\/wp\/v2\/media\/18838"}],"wp:attachment":[{"href":"https:\/\/bico.ee\/lv\/wp-json\/wp\/v2\/media?parent=18837"}],"wp:term":[{"taxonomy":"product_cat","embeddable":true,"href":"https:\/\/bico.ee\/lv\/wp-json\/wp\/v2\/product_cat?post=18837"},{"taxonomy":"product_tag","embeddable":true,"href":"https:\/\/bico.ee\/lv\/wp-json\/wp\/v2\/product_tag?post=18837"}],"curies":[{"name":"wp","href":"https:\/\/api.w.org\/{rel}","templated":true}]}}