{"id":18839,"date":"2026-04-10T18:44:00","date_gmt":"2026-04-10T18:44:00","guid":{"rendered":""},"modified":"2026-04-10T18:44:00","modified_gmt":"2026-04-10T18:44:00","slug":"bico-6mm-pruun-poimitud-nahast-kaelakee-kasitsi-valmistatud-klambrite-ja-silmusega-cl15-pruun","status":"publish","type":"product","link":"https:\/\/bico.ee\/lv\/p\/bico-6-mm-bruna-pita-adas-kaklarota-ar-rokam-darinatam-aizdari-un-cilpinu-cl15-bruna\/","title":{"rendered":"Bico 6 mm br\u016bna, p\u012bta \u0101das kaklarota ar rok\u0101m darin\u0101t\u0101m aizdari un cilpi\u0146u (CL15 br\u016bna)"},"content":{"rendered":"<p>BICO \u0101das izstr\u0101d\u0101jumi ir izgatavoti, izmantojot tikai \u012bstas govs \u0101das. T\u0101 k\u0101 \u0101da ir dabisks produkts, katra gabala kr\u0101sa un fakt\u016bra nedaudz at\u0161\u0137iras. Izgatavots no 5 mm p\u012btas \u0101das auklas un sat\u012bna apdares ner\u016bs\u0113jo\u0161\u0101 t\u0113rauda. Pieejam\u0101s kr\u0101sas: melna vai br\u016bna Pieejamie garumi: 40, 45, 50, 55 un 65 cm Bico pied\u0101v\u0101 virkni ori\u0123in\u0101lu kulonu, lai pabeigtu komplektu.<\/p>","protected":false},"excerpt":{"rendered":"<p>CL15BR 0<\/p>\n","protected":false},"featured_media":18840,"template":"","meta":[],"product_cat":[313],"product_tag":[],"_links":{"self":[{"href":"https:\/\/bico.ee\/lv\/wp-json\/wp\/v2\/product\/18839"}],"collection":[{"href":"https:\/\/bico.ee\/lv\/wp-json\/wp\/v2\/product"}],"about":[{"href":"https:\/\/bico.ee\/lv\/wp-json\/wp\/v2\/types\/product"}],"wp:featuredmedia":[{"embeddable":true,"href":"https:\/\/bico.ee\/lv\/wp-json\/wp\/v2\/media\/18840"}],"wp:attachment":[{"href":"https:\/\/bico.ee\/lv\/wp-json\/wp\/v2\/media?parent=18839"}],"wp:term":[{"taxonomy":"product_cat","embeddable":true,"href":"https:\/\/bico.ee\/lv\/wp-json\/wp\/v2\/product_cat?post=18839"},{"taxonomy":"product_tag","embeddable":true,"href":"https:\/\/bico.ee\/lv\/wp-json\/wp\/v2\/product_tag?post=18839"}],"curies":[{"name":"wp","href":"https:\/\/api.w.org\/{rel}","templated":true}]}}