{"id":18841,"date":"2026-04-10T18:44:00","date_gmt":"2026-04-10T18:44:00","guid":{"rendered":""},"modified":"2026-04-10T18:44:00","modified_gmt":"2026-04-10T18:44:00","slug":"bico-kasitsi-kootud-mustast-puuvillast-noorist-kaelakee-solme-otsaga-cl16-must-skate-ehted","status":"publish","type":"product","link":"https:\/\/bico.ee\/lv\/p\/bico-ar-rokam-austa-melna-kokvilnas-auklas-kaklarota-ar-mezglotu-gala-cilpu-cl16-melna-skate-rotaslietas\/","title":{"rendered":"Bico ar rok\u0101m austa melna kokvilnas auklas kaklarota ar mezglotu gala cilpu (CL16 melna) skate rotaslietas"},"content":{"rendered":"<p>Katra aukla ir individu\u0101li ar rok\u0101m austa no kokvilnas pavedieniem, ieausta ar rok\u0101m lietotu un pul\u0113tu alvas galu. Pieejam\u0101s kr\u0101sas: melna vai br\u016bna Pieejamie garumi: 40, 45, 50, 55 un 65 cm Bico pied\u0101v\u0101 virkni ori\u0123in\u0101lu kulonu, lai pabeigtu komplektu.<\/p>","protected":false},"excerpt":{"rendered":"<p>CL16BLK 0<\/p>\n","protected":false},"featured_media":18842,"template":"","meta":[],"product_cat":[313],"product_tag":[],"_links":{"self":[{"href":"https:\/\/bico.ee\/lv\/wp-json\/wp\/v2\/product\/18841"}],"collection":[{"href":"https:\/\/bico.ee\/lv\/wp-json\/wp\/v2\/product"}],"about":[{"href":"https:\/\/bico.ee\/lv\/wp-json\/wp\/v2\/types\/product"}],"wp:featuredmedia":[{"embeddable":true,"href":"https:\/\/bico.ee\/lv\/wp-json\/wp\/v2\/media\/18842"}],"wp:attachment":[{"href":"https:\/\/bico.ee\/lv\/wp-json\/wp\/v2\/media?parent=18841"}],"wp:term":[{"taxonomy":"product_cat","embeddable":true,"href":"https:\/\/bico.ee\/lv\/wp-json\/wp\/v2\/product_cat?post=18841"},{"taxonomy":"product_tag","embeddable":true,"href":"https:\/\/bico.ee\/lv\/wp-json\/wp\/v2\/product_tag?post=18841"}],"curies":[{"name":"wp","href":"https:\/\/api.w.org\/{rel}","templated":true}]}}