{"id":18844,"date":"2026-04-24T07:43:58","date_gmt":"2026-04-24T07:43:58","guid":{"rendered":""},"modified":"2026-04-24T07:43:58","modified_gmt":"2026-04-24T07:43:58","slug":"bico-kasitsi-kootud-pruuni-puuvillase-nooriga-kaelakee-solme-otsaga-cl16-pruun","status":"publish","type":"product","link":"https:\/\/bico.ee\/lv\/p\/bico-ar-rokam-austa-bruna-kokvilnas-auklas-kaklarota-ar-mezglotu-gala-cilpu-cl16-bruna\/","title":{"rendered":"Bico ar rok\u0101m austa br\u016bna kokvilnas auklas kaklarota ar mezglotu gala cilpu (CL16 br\u016bna)"},"content":{"rendered":"<p>Katra aukla ir individu\u0101li ar rok\u0101m austa no kokvilnas pavedieniem, ieausta ar rok\u0101m lietotu un pul\u0113tu alvas galu. Pieejam\u0101s kr\u0101sas: melna vai br\u016bna Pieejamie garumi: 40, 45, 50, 55 un 65 cm Bico pied\u0101v\u0101 virkni ori\u0123in\u0101lu kulonu, lai pabeigtu komplektu.<\/p>","protected":false},"excerpt":{"rendered":"<p>CL16BR 0<\/p>\n","protected":false},"featured_media":18845,"template":"","meta":[],"product_cat":[313],"product_tag":[],"_links":{"self":[{"href":"https:\/\/bico.ee\/lv\/wp-json\/wp\/v2\/product\/18844"}],"collection":[{"href":"https:\/\/bico.ee\/lv\/wp-json\/wp\/v2\/product"}],"about":[{"href":"https:\/\/bico.ee\/lv\/wp-json\/wp\/v2\/types\/product"}],"wp:featuredmedia":[{"embeddable":true,"href":"https:\/\/bico.ee\/lv\/wp-json\/wp\/v2\/media\/18845"}],"wp:attachment":[{"href":"https:\/\/bico.ee\/lv\/wp-json\/wp\/v2\/media?parent=18844"}],"wp:term":[{"taxonomy":"product_cat","embeddable":true,"href":"https:\/\/bico.ee\/lv\/wp-json\/wp\/v2\/product_cat?post=18844"},{"taxonomy":"product_tag","embeddable":true,"href":"https:\/\/bico.ee\/lv\/wp-json\/wp\/v2\/product_tag?post=18844"}],"curies":[{"name":"wp","href":"https:\/\/api.w.org\/{rel}","templated":true}]}}