{"id":18866,"date":"2026-04-10T18:44:01","date_gmt":"2026-04-10T18:44:01","guid":{"rendered":""},"modified":"2026-04-10T18:44:01","modified_gmt":"2026-04-10T18:44:01","slug":"bico-crystal-18cm-kasitsi-valmistatud-hobetatud-tina-kaevoru-fb43-10mm-25-64","status":"publish","type":"product","link":"https:\/\/bico.ee\/lv\/p\/bico-crystal-18cm-ar-rokam-darinata-sudraba-parklajuma-alvas-aproce-fb43-10mm-25-64\/","title":{"rendered":"Bico &#8220;Crystal&#8221; 18cm ar rok\u0101m darin\u0101ta sudraba p\u0101rkl\u0101juma alvas aproce (FB43) 10mm 25\/64\u2033"},"content":{"rendered":"<p>\u0160\u012b rokasspr\u0101dze ir ori\u0123in\u0101ls Bico dizains, kas izgatavots no individu\u0101li liet\u0101m un ar rok\u0101m gatavot\u0101m alvas sait\u0113m, kuras p\u0113c tam tiek savienotas. \u0136\u0113de ir p\u0101rkl\u0101ta ar t\u012bru sudrabu, mat\u0113ta ar rok\u0101m, p\u0113c tam p\u0101rkl\u0101ta ar augst\u0101k\u0101s klases aizsargk\u0101rtu, lai pagarin\u0101tu nodiluma laiku. Bico rotasliet\u0101s tiek izmantoti tikai Swarovski krist\u0101li. Katra rokasspr\u0101dze ir izgatavota no individu\u0101li lietotas un ar rok\u0101m gatavotas alvas, p\u0101rkl\u0101ta ar sudrabu un p\u0113c tam komplekt\u0113ta ar Swarovski krist\u0101liem. Pieejams caursp\u012bd\u012bgos, zilos, gai\u0161i zilos un sarkanos Swarovski krist\u0101los tikai 18 cm garum\u0101.<\/p>","protected":false},"excerpt":{"rendered":"<p>FB43 0<\/p>\n","protected":false},"featured_media":18867,"template":"","meta":[],"product_cat":[106,159],"product_tag":[],"_links":{"self":[{"href":"https:\/\/bico.ee\/lv\/wp-json\/wp\/v2\/product\/18866"}],"collection":[{"href":"https:\/\/bico.ee\/lv\/wp-json\/wp\/v2\/product"}],"about":[{"href":"https:\/\/bico.ee\/lv\/wp-json\/wp\/v2\/types\/product"}],"wp:featuredmedia":[{"embeddable":true,"href":"https:\/\/bico.ee\/lv\/wp-json\/wp\/v2\/media\/18867"}],"wp:attachment":[{"href":"https:\/\/bico.ee\/lv\/wp-json\/wp\/v2\/media?parent=18866"}],"wp:term":[{"taxonomy":"product_cat","embeddable":true,"href":"https:\/\/bico.ee\/lv\/wp-json\/wp\/v2\/product_cat?post=18866"},{"taxonomy":"product_tag","embeddable":true,"href":"https:\/\/bico.ee\/lv\/wp-json\/wp\/v2\/product_tag?post=18866"}],"curies":[{"name":"wp","href":"https:\/\/api.w.org\/{rel}","templated":true}]}}