{"id":18914,"date":"2026-04-10T18:44:01","date_gmt":"2026-04-10T18:44:01","guid":{"rendered":""},"modified":"2026-04-10T18:44:01","modified_gmt":"2026-04-10T18:44:01","slug":"bico-kasitsi-valmistatud-kaevoru-fb301-8mm-5-16","status":"publish","type":"product","link":"https:\/\/bico.ee\/lv\/p\/bico-ar-rokam-darinata-aproce-fb301-8mm-5-16\/","title":{"rendered":"Bico ar rok\u0101m darin\u0101ta aproce (FB301) 8mm 5\/16\u2033"},"content":{"rendered":"<p>\u0160\u012b rokasspr\u0101dze ir ori\u0123in\u0101ls Bico dizains, kas izgatavots no individu\u0101li liet\u0101m un ar rok\u0101m gatavot\u0101m alvas sait\u0113m, kuras p\u0113c tam tiek savienotas. \u0136\u0113de ir p\u0101rkl\u0101ta ar t\u012bru sudrabu, mat\u0113ta ar rok\u0101m, p\u0113c tam p\u0101rkl\u0101ta ar augst\u0101k\u0101s klases aizsargk\u0101rtu, lai pagarin\u0101tu nodiluma laiku. Skavas ir izgatavotas ar rok\u0101m ar atv\u0113r\u0161anas sp\u012bl\u0113m, kas atsperes aizveras virs liel\u0101s l\u0113ciena cilpas. Nosaukums: Howler Roku darbs no individu\u0101li liet\u0101m alvas sait\u0113m, p\u0101rkl\u0101ts ar sudrabu un p\u0113c tam pul\u0113ts l\u012bdz oksid\u0113tam sat\u012bna p\u0101rkl\u0101jumam. Pieejamie garumi: 18, 21 un 24 cm Pieejams ar\u012b k\u0101 \u0137\u0113de (F301) garum\u0101: 40, 45, 50 un 55 cm.<\/p>","protected":false},"excerpt":{"rendered":"<p>FB301 0<\/p>\n","protected":false},"featured_media":18915,"template":"","meta":[],"product_cat":[106,159],"product_tag":[],"_links":{"self":[{"href":"https:\/\/bico.ee\/lv\/wp-json\/wp\/v2\/product\/18914"}],"collection":[{"href":"https:\/\/bico.ee\/lv\/wp-json\/wp\/v2\/product"}],"about":[{"href":"https:\/\/bico.ee\/lv\/wp-json\/wp\/v2\/types\/product"}],"wp:featuredmedia":[{"embeddable":true,"href":"https:\/\/bico.ee\/lv\/wp-json\/wp\/v2\/media\/18915"}],"wp:attachment":[{"href":"https:\/\/bico.ee\/lv\/wp-json\/wp\/v2\/media?parent=18914"}],"wp:term":[{"taxonomy":"product_cat","embeddable":true,"href":"https:\/\/bico.ee\/lv\/wp-json\/wp\/v2\/product_cat?post=18914"},{"taxonomy":"product_tag","embeddable":true,"href":"https:\/\/bico.ee\/lv\/wp-json\/wp\/v2\/product_tag?post=18914"}],"curies":[{"name":"wp","href":"https:\/\/api.w.org\/{rel}","templated":true}]}}