{"id":18934,"date":"2026-04-10T18:44:01","date_gmt":"2026-04-10T18:44:01","guid":{"rendered":""},"modified":"2026-04-10T18:44:01","modified_gmt":"2026-04-10T18:44:01","slug":"bico-pariacaca-kasitsi-valmistatud-kummist-ja-metallist-kaevoru-ca3-8mm-5-16","status":"publish","type":"product","link":"https:\/\/bico.ee\/lv\/p\/bico-pariacaca-ar-rokam-darinata-gumijas-un-metala-aproce-ca3-8mm-5-16\/","title":{"rendered":"Bico &#8220;Pariacaca&#8221; ar rok\u0101m darin\u0101ta gumijas un met\u0101la aproce (CA3) 8mm 5\/16\u2033"},"content":{"rendered":"<p>Nosaukums: Pariacaca Roku darbs no individu\u0101li liet\u0101m alvas sait\u0113m, p\u0101rkl\u0101ts ar sudrabu un p\u0113c tam pul\u0113ts l\u012bdz oksid\u0113tam sat\u012bna p\u0101rkl\u0101jumam. Pieejamie garumi: 18, 21 un 24 cm Pieejams ar\u012b k\u0101 \u017e\u0146audz\u0113js (CB5) garum\u0101: 40, 45 un 50 cm.<\/p>","protected":false},"excerpt":{"rendered":"<p>CA3 0<\/p>\n","protected":false},"featured_media":18935,"template":"","meta":[],"product_cat":[106,160],"product_tag":[],"_links":{"self":[{"href":"https:\/\/bico.ee\/lv\/wp-json\/wp\/v2\/product\/18934"}],"collection":[{"href":"https:\/\/bico.ee\/lv\/wp-json\/wp\/v2\/product"}],"about":[{"href":"https:\/\/bico.ee\/lv\/wp-json\/wp\/v2\/types\/product"}],"wp:featuredmedia":[{"embeddable":true,"href":"https:\/\/bico.ee\/lv\/wp-json\/wp\/v2\/media\/18935"}],"wp:attachment":[{"href":"https:\/\/bico.ee\/lv\/wp-json\/wp\/v2\/media?parent=18934"}],"wp:term":[{"taxonomy":"product_cat","embeddable":true,"href":"https:\/\/bico.ee\/lv\/wp-json\/wp\/v2\/product_cat?post=18934"},{"taxonomy":"product_tag","embeddable":true,"href":"https:\/\/bico.ee\/lv\/wp-json\/wp\/v2\/product_tag?post=18934"}],"curies":[{"name":"wp","href":"https:\/\/api.w.org\/{rel}","templated":true}]}}