{"id":18950,"date":"2026-04-10T18:44:01","date_gmt":"2026-04-10T18:44:01","guid":{"rendered":""},"modified":"2026-04-10T18:44:01","modified_gmt":"2026-04-10T18:44:01","slug":"bico-6mm-pruun-poimitud-nahast-kaevoru-ca15-pruun","status":"publish","type":"product","link":"https:\/\/bico.ee\/lv\/p\/bico-6mm-bruna-pita-adas-rokasspradze-ca15-bruna\/","title":{"rendered":"Bico 6mm br\u016bna p\u012bta \u0101das rokasspr\u0101dze (CA15 br\u016bna)"},"content":{"rendered":"<p>Pieejamie garumi: 18, 21 un 24 cm.<\/p>","protected":false},"excerpt":{"rendered":"<p>CA15BR 0<\/p>\n","protected":false},"featured_media":18951,"template":"","meta":[],"product_cat":[106,160],"product_tag":[],"_links":{"self":[{"href":"https:\/\/bico.ee\/lv\/wp-json\/wp\/v2\/product\/18950"}],"collection":[{"href":"https:\/\/bico.ee\/lv\/wp-json\/wp\/v2\/product"}],"about":[{"href":"https:\/\/bico.ee\/lv\/wp-json\/wp\/v2\/types\/product"}],"wp:featuredmedia":[{"embeddable":true,"href":"https:\/\/bico.ee\/lv\/wp-json\/wp\/v2\/media\/18951"}],"wp:attachment":[{"href":"https:\/\/bico.ee\/lv\/wp-json\/wp\/v2\/media?parent=18950"}],"wp:term":[{"taxonomy":"product_cat","embeddable":true,"href":"https:\/\/bico.ee\/lv\/wp-json\/wp\/v2\/product_cat?post=18950"},{"taxonomy":"product_tag","embeddable":true,"href":"https:\/\/bico.ee\/lv\/wp-json\/wp\/v2\/product_tag?post=18950"}],"curies":[{"name":"wp","href":"https:\/\/api.w.org\/{rel}","templated":true}]}}