{"id":18964,"date":"2026-04-10T18:44:01","date_gmt":"2026-04-10T18:44:01","guid":{"rendered":""},"modified":"2026-04-10T18:44:01","modified_gmt":"2026-04-10T18:44:01","slug":"bico-outback-ketrusrongas-r9","status":"publish","type":"product","link":"https:\/\/bico.ee\/lv\/p\/bico-outback-verpsanas-gredzens-r9\/","title":{"rendered":"Bico &#8220;Outback&#8221; v\u0113rp\u0161anas gredzens (R9)"},"content":{"rendered":"<p>Z+3 Ori\u0123in\u0101ls BICO apzelt\u012bts alvas v\u0113rp\u0161anas gredzens, kas izgatavots no diviem gabaliem un \u0101r\u0113jais gredzens br\u012bvi grie\u017eas. Nosaukums: Outback Izm\u0113rs: UK Z+3 (ASV 13) Diametrs 23mm Apk\u0101rtm\u0113rs: 72mm Divda\u013c\u012bgs v\u0113rp\u0161anas gredzens.<\/p>","protected":false},"excerpt":{"rendered":"<p>R9 0<\/p>\n","protected":false},"featured_media":18965,"template":"","meta":[],"product_cat":[113,275],"product_tag":[],"_links":{"self":[{"href":"https:\/\/bico.ee\/lv\/wp-json\/wp\/v2\/product\/18964"}],"collection":[{"href":"https:\/\/bico.ee\/lv\/wp-json\/wp\/v2\/product"}],"about":[{"href":"https:\/\/bico.ee\/lv\/wp-json\/wp\/v2\/types\/product"}],"wp:featuredmedia":[{"embeddable":true,"href":"https:\/\/bico.ee\/lv\/wp-json\/wp\/v2\/media\/18965"}],"wp:attachment":[{"href":"https:\/\/bico.ee\/lv\/wp-json\/wp\/v2\/media?parent=18964"}],"wp:term":[{"taxonomy":"product_cat","embeddable":true,"href":"https:\/\/bico.ee\/lv\/wp-json\/wp\/v2\/product_cat?post=18964"},{"taxonomy":"product_tag","embeddable":true,"href":"https:\/\/bico.ee\/lv\/wp-json\/wp\/v2\/product_tag?post=18964"}],"curies":[{"name":"wp","href":"https:\/\/api.w.org\/{rel}","templated":true}]}}