{"id":18972,"date":"2026-04-10T18:44:02","date_gmt":"2026-04-10T18:44:02","guid":{"rendered":""},"modified":"2026-04-10T18:44:02","modified_gmt":"2026-04-10T18:44:02","slug":"bico-excelsior-kasitsi-kootud-kaevoru-metallist-lisadega-ca23-must-10mm-13-16","status":"publish","type":"product","link":"https:\/\/bico.ee\/lv\/p\/bico-excelsior-ar-rokam-austa-rokasspradze-ar-metala-ieliktniem-ca23-melna-10mm-13-16\/","title":{"rendered":"Bico &#8220;Excelsior&#8221; ar rok\u0101m austa rokasspr\u0101dze ar met\u0101la ielikt\u0146iem (CA23 melna) 10mm 13\/16\u00b4\u00b4"},"content":{"rendered":"<p>Nosaukums: Excelsior Noz\u012bme: uz visiem laikiem uz aug\u0161u Katra rokasspr\u0101dze ir individu\u0101li ar rok\u0101m austa no kokvilnas pavedieniem, ieausta oksid\u0113tos mat\u0113tos gatavos alvas elementos. Pieejamie garumi: 21 un 24 cm.<\/p>","protected":false},"excerpt":{"rendered":"<p>CA23 0<\/p>\n","protected":false},"featured_media":18973,"template":"","meta":[],"product_cat":[106,160],"product_tag":[],"_links":{"self":[{"href":"https:\/\/bico.ee\/lv\/wp-json\/wp\/v2\/product\/18972"}],"collection":[{"href":"https:\/\/bico.ee\/lv\/wp-json\/wp\/v2\/product"}],"about":[{"href":"https:\/\/bico.ee\/lv\/wp-json\/wp\/v2\/types\/product"}],"wp:featuredmedia":[{"embeddable":true,"href":"https:\/\/bico.ee\/lv\/wp-json\/wp\/v2\/media\/18973"}],"wp:attachment":[{"href":"https:\/\/bico.ee\/lv\/wp-json\/wp\/v2\/media?parent=18972"}],"wp:term":[{"taxonomy":"product_cat","embeddable":true,"href":"https:\/\/bico.ee\/lv\/wp-json\/wp\/v2\/product_cat?post=18972"},{"taxonomy":"product_tag","embeddable":true,"href":"https:\/\/bico.ee\/lv\/wp-json\/wp\/v2\/product_tag?post=18972"}],"curies":[{"name":"wp","href":"https:\/\/api.w.org\/{rel}","templated":true}]}}