{"id":18988,"date":"2026-04-10T18:44:02","date_gmt":"2026-04-10T18:44:02","guid":{"rendered":""},"modified":"2026-04-10T18:44:02","modified_gmt":"2026-04-10T18:44:02","slug":"bico-dueling-serpent-kasitsi-kootud-reguleeritav-noorkaevoru-ca28-pruun-must-10mm-13-16","status":"publish","type":"product","link":"https:\/\/bico.ee\/lv\/p\/bico-dueling-serpent-ar-rokam-austa-regulejama-auklas-rokasspradze-ca28-bruna-melna-10mm-13-16\/","title":{"rendered":"Bico &#8220;Dueling Serpent&#8221; ar rok\u0101m austa regul\u0113jama auklas rokasspr\u0101dze (CA28 br\u016bna melna) 10mm 13\/16\u00b4\u00b4"},"content":{"rendered":"<p>\u0160\u012b rokasspr\u0101dze ir izgatavota no elast\u012bga vara serdes, kas p\u0101rkl\u0101ta ar rok\u0101m austu auklu, un to var atv\u0113rt un aizv\u0113rt, lai tas atbilstu jebkuram izm\u0113ram. Nosaukums: Dueling Serpent Noz\u012bme: Dv\u0113seles aizsargs Katra rokasspr\u0101dze ir individu\u0101li ar rok\u0101m austa virs biezas vara serdes, \u013caujot aproci viegli piel\u0101got. Pieejam\u0101s kr\u0101sas: melna un melna\/br\u016bna.<\/p>","protected":false},"excerpt":{"rendered":"<p>CA28 0<\/p>\n","protected":false},"featured_media":18989,"template":"","meta":[],"product_cat":[106,160],"product_tag":[],"_links":{"self":[{"href":"https:\/\/bico.ee\/lv\/wp-json\/wp\/v2\/product\/18988"}],"collection":[{"href":"https:\/\/bico.ee\/lv\/wp-json\/wp\/v2\/product"}],"about":[{"href":"https:\/\/bico.ee\/lv\/wp-json\/wp\/v2\/types\/product"}],"wp:featuredmedia":[{"embeddable":true,"href":"https:\/\/bico.ee\/lv\/wp-json\/wp\/v2\/media\/18989"}],"wp:attachment":[{"href":"https:\/\/bico.ee\/lv\/wp-json\/wp\/v2\/media?parent=18988"}],"wp:term":[{"taxonomy":"product_cat","embeddable":true,"href":"https:\/\/bico.ee\/lv\/wp-json\/wp\/v2\/product_cat?post=18988"},{"taxonomy":"product_tag","embeddable":true,"href":"https:\/\/bico.ee\/lv\/wp-json\/wp\/v2\/product_tag?post=18988"}],"curies":[{"name":"wp","href":"https:\/\/api.w.org\/{rel}","templated":true}]}}