{"id":18990,"date":"2026-04-10T18:44:02","date_gmt":"2026-04-10T18:44:02","guid":{"rendered":""},"modified":"2026-04-10T18:44:02","modified_gmt":"2026-04-10T18:44:02","slug":"bico-traveller-kasitsi-kootud-noorist-kaevoru-ca40-must-10mm-13-16","status":"publish","type":"product","link":"https:\/\/bico.ee\/lv\/p\/bico-traveller-ar-rokam-austa-auklas-rokasspradze-ca40-melna-10mm-13-16\/","title":{"rendered":"Bico &#8220;Traveller&#8221; ar rok\u0101m austa auklas rokasspr\u0101dze (CA40 melna) 10mm 13\/16\u00b4\u00b4"},"content":{"rendered":"<p>Nosaukums: Ce\u013cot\u0101js Noz\u012bme: Izbaudiet t\u0101lu zemju mekl\u0113\u0161anu Katra rokasspr\u0101dze ir individu\u0101li ar rok\u0101m austa no kokvilnas pavedieniem kop\u0101 ar oksid\u0113tiem mat\u0113tiem gataviem alvas elementiem. Pieejamie garumi: 21 un 24 cm.<\/p>","protected":false},"excerpt":{"rendered":"<p>CA40-1 0<\/p>\n","protected":false},"featured_media":18991,"template":"","meta":[],"product_cat":[106,160],"product_tag":[],"_links":{"self":[{"href":"https:\/\/bico.ee\/lv\/wp-json\/wp\/v2\/product\/18990"}],"collection":[{"href":"https:\/\/bico.ee\/lv\/wp-json\/wp\/v2\/product"}],"about":[{"href":"https:\/\/bico.ee\/lv\/wp-json\/wp\/v2\/types\/product"}],"wp:featuredmedia":[{"embeddable":true,"href":"https:\/\/bico.ee\/lv\/wp-json\/wp\/v2\/media\/18991"}],"wp:attachment":[{"href":"https:\/\/bico.ee\/lv\/wp-json\/wp\/v2\/media?parent=18990"}],"wp:term":[{"taxonomy":"product_cat","embeddable":true,"href":"https:\/\/bico.ee\/lv\/wp-json\/wp\/v2\/product_cat?post=18990"},{"taxonomy":"product_tag","embeddable":true,"href":"https:\/\/bico.ee\/lv\/wp-json\/wp\/v2\/product_tag?post=18990"}],"curies":[{"name":"wp","href":"https:\/\/api.w.org\/{rel}","templated":true}]}}