{"id":18996,"date":"2026-04-10T18:44:02","date_gmt":"2026-04-10T18:44:02","guid":{"rendered":""},"modified":"2026-04-10T18:44:02","modified_gmt":"2026-04-10T18:44:02","slug":"bico-phalanx-pruun-nahast-ja-metallist-kaevoru-ca29-pruun-10mm-13-16","status":"publish","type":"product","link":"https:\/\/bico.ee\/lv\/p\/bico-phalanx-bruna-adas-un-metala-aproce-ca29-bruna-10mm-13-16\/","title":{"rendered":"Bico &#8220;Phalanx&#8221; br\u016bna \u0101das un met\u0101la aproce (CA29 br\u016bna) 10mm 13\/16\u00b4\u00b4"},"content":{"rendered":"<p>Nosaukums: falanga Noz\u012bme: United We Stand \u0100das aukla apvienojum\u0101 ar oksid\u0113tu un mat\u0113tu gatavo alvu un ar rok\u0101m darin\u0101tu alvas aizdari. Pieejamie garumi: 21 un 24 cm.<\/p>","protected":false},"excerpt":{"rendered":"<p>CA29 0<\/p>\n","protected":false},"featured_media":18997,"template":"","meta":[],"product_cat":[106,160],"product_tag":[],"_links":{"self":[{"href":"https:\/\/bico.ee\/lv\/wp-json\/wp\/v2\/product\/18996"}],"collection":[{"href":"https:\/\/bico.ee\/lv\/wp-json\/wp\/v2\/product"}],"about":[{"href":"https:\/\/bico.ee\/lv\/wp-json\/wp\/v2\/types\/product"}],"wp:featuredmedia":[{"embeddable":true,"href":"https:\/\/bico.ee\/lv\/wp-json\/wp\/v2\/media\/18997"}],"wp:attachment":[{"href":"https:\/\/bico.ee\/lv\/wp-json\/wp\/v2\/media?parent=18996"}],"wp:term":[{"taxonomy":"product_cat","embeddable":true,"href":"https:\/\/bico.ee\/lv\/wp-json\/wp\/v2\/product_cat?post=18996"},{"taxonomy":"product_tag","embeddable":true,"href":"https:\/\/bico.ee\/lv\/wp-json\/wp\/v2\/product_tag?post=18996"}],"curies":[{"name":"wp","href":"https:\/\/api.w.org\/{rel}","templated":true}]}}