{"id":18998,"date":"2026-04-10T18:44:02","date_gmt":"2026-04-10T18:44:02","guid":{"rendered":""},"modified":"2026-04-10T18:44:02","modified_gmt":"2026-04-10T18:44:02","slug":"bico-mechanika-mustast-nahast-ja-metallist-kaevoru-ca30-must-10mm-13-16","status":"publish","type":"product","link":"https:\/\/bico.ee\/lv\/p\/bico-mechanika-melna-adas-un-metala-aproce-ca30-melna-10mm-13-16\/","title":{"rendered":"Bico &#8220;Mechanika&#8221; melna \u0101das un met\u0101la aproce (CA30 melna) 10mm 13\/16\u00b4\u00b4"},"content":{"rendered":"<p>Nosaukums: Meh\u0101nika Noz\u012bme: Triumfs p\u0101r iesp\u0113ju \u0100das aukla apvienojum\u0101 ar oksid\u0113tu un mat\u0113tu alvu un ar rok\u0101m darin\u0101tu alvas aizdari. Pieejamie garumi: 21 un 24 cm.<\/p>","protected":false},"excerpt":{"rendered":"<p>CA30 0<\/p>\n","protected":false},"featured_media":18999,"template":"","meta":[],"product_cat":[106,160],"product_tag":[],"_links":{"self":[{"href":"https:\/\/bico.ee\/lv\/wp-json\/wp\/v2\/product\/18998"}],"collection":[{"href":"https:\/\/bico.ee\/lv\/wp-json\/wp\/v2\/product"}],"about":[{"href":"https:\/\/bico.ee\/lv\/wp-json\/wp\/v2\/types\/product"}],"wp:featuredmedia":[{"embeddable":true,"href":"https:\/\/bico.ee\/lv\/wp-json\/wp\/v2\/media\/18999"}],"wp:attachment":[{"href":"https:\/\/bico.ee\/lv\/wp-json\/wp\/v2\/media?parent=18998"}],"wp:term":[{"taxonomy":"product_cat","embeddable":true,"href":"https:\/\/bico.ee\/lv\/wp-json\/wp\/v2\/product_cat?post=18998"},{"taxonomy":"product_tag","embeddable":true,"href":"https:\/\/bico.ee\/lv\/wp-json\/wp\/v2\/product_tag?post=18998"}],"curies":[{"name":"wp","href":"https:\/\/api.w.org\/{rel}","templated":true}]}}