{"id":19000,"date":"2026-04-10T18:44:02","date_gmt":"2026-04-10T18:44:02","guid":{"rendered":""},"modified":"2026-04-10T18:44:02","modified_gmt":"2026-04-10T18:44:02","slug":"bico-phalanx-nahast-ja-metallist-ripats-ec29","status":"publish","type":"product","link":"https:\/\/bico.ee\/lv\/p\/bico-phalanx-adas-un-metala-kulons-ec29\/","title":{"rendered":"Bico &#8220;Phalanx&#8221; \u0101das un met\u0101la kulons (EC29)"},"content":{"rendered":"<p>Nosaukums: falanga Noz\u012bme: United We Stand \u0100da apvienojum\u0101 ar oksid\u0113tu un mat\u0113tu gatavo alu Pieejam\u0101s kr\u0101sas: melna un br\u016bna.<\/p>","protected":false},"excerpt":{"rendered":"<p>EC29 0<\/p>\n","protected":false},"featured_media":19001,"template":"","meta":[],"product_cat":[277,293],"product_tag":[],"_links":{"self":[{"href":"https:\/\/bico.ee\/lv\/wp-json\/wp\/v2\/product\/19000"}],"collection":[{"href":"https:\/\/bico.ee\/lv\/wp-json\/wp\/v2\/product"}],"about":[{"href":"https:\/\/bico.ee\/lv\/wp-json\/wp\/v2\/types\/product"}],"wp:featuredmedia":[{"embeddable":true,"href":"https:\/\/bico.ee\/lv\/wp-json\/wp\/v2\/media\/19001"}],"wp:attachment":[{"href":"https:\/\/bico.ee\/lv\/wp-json\/wp\/v2\/media?parent=19000"}],"wp:term":[{"taxonomy":"product_cat","embeddable":true,"href":"https:\/\/bico.ee\/lv\/wp-json\/wp\/v2\/product_cat?post=19000"},{"taxonomy":"product_tag","embeddable":true,"href":"https:\/\/bico.ee\/lv\/wp-json\/wp\/v2\/product_tag?post=19000"}],"curies":[{"name":"wp","href":"https:\/\/api.w.org\/{rel}","templated":true}]}}