{"id":19002,"date":"2026-04-10T18:44:02","date_gmt":"2026-04-10T18:44:02","guid":{"rendered":""},"modified":"2026-04-10T18:44:02","modified_gmt":"2026-04-10T18:44:02","slug":"bico-cassiopeia-venitav-kaevoru-kristallidega-ca31","status":"publish","type":"product","link":"https:\/\/bico.ee\/lv\/p\/bico-cassiopeia-stiepjams-rokasspradze-ar-kristaliem-ca31\/","title":{"rendered":"Bico &#8220;Cassiopeia&#8221; stiepjams rokasspr\u0101dze ar krist\u0101liem (CA31)"},"content":{"rendered":"<p>\u0160o skaisto rokasspr\u0101dzi rot\u0101 Swarovski krist\u0101li un t\u0101 stiepjas virs rokas. Nosaukums: Kasiopeja Noz\u012bme: P\u0101rliecin\u0101ts skaistums Pieejam\u0101s kr\u0101sas: Skaidrs, zils, roz\u0101, sarkans, gai\u0161i zils Pieejams tikai 18 cm.<\/p>","protected":false},"excerpt":{"rendered":"<p>CA31 0<\/p>\n","protected":false},"featured_media":19003,"template":"","meta":[],"product_cat":[106,160],"product_tag":[],"_links":{"self":[{"href":"https:\/\/bico.ee\/lv\/wp-json\/wp\/v2\/product\/19002"}],"collection":[{"href":"https:\/\/bico.ee\/lv\/wp-json\/wp\/v2\/product"}],"about":[{"href":"https:\/\/bico.ee\/lv\/wp-json\/wp\/v2\/types\/product"}],"wp:featuredmedia":[{"embeddable":true,"href":"https:\/\/bico.ee\/lv\/wp-json\/wp\/v2\/media\/19003"}],"wp:attachment":[{"href":"https:\/\/bico.ee\/lv\/wp-json\/wp\/v2\/media?parent=19002"}],"wp:term":[{"taxonomy":"product_cat","embeddable":true,"href":"https:\/\/bico.ee\/lv\/wp-json\/wp\/v2\/product_cat?post=19002"},{"taxonomy":"product_tag","embeddable":true,"href":"https:\/\/bico.ee\/lv\/wp-json\/wp\/v2\/product_tag?post=19002"}],"curies":[{"name":"wp","href":"https:\/\/api.w.org\/{rel}","templated":true}]}}