{"id":19004,"date":"2026-04-10T18:44:02","date_gmt":"2026-04-10T18:44:02","guid":{"rendered":""},"modified":"2026-04-10T18:44:02","modified_gmt":"2026-04-10T18:44:02","slug":"bico-pyxis-venitav-kaevoru-siniste-kristallidega-ca32","status":"publish","type":"product","link":"https:\/\/bico.ee\/lv\/p\/bico-pyxis-stiepjams-rokasspradze-ar-ziliem-kristaliem-ca32\/","title":{"rendered":"Bico &#8220;Pyxis&#8221; stiepjams rokasspr\u0101dze ar ziliem krist\u0101liem (CA32)"},"content":{"rendered":"<p>\u0160o skaisto rokasspr\u0101dzi rot\u0101 Swarovski krist\u0101li un t\u0101 stiepjas virs rokas. Nosaukums: Pyxis Noz\u012bme: Lai atrastu ce\u013cu Pieejam\u0101s kr\u0101sas: zelts, zils, roz\u0101, sarkans Pieejams tikai 18 cm.<\/p>","protected":false},"excerpt":{"rendered":"<p>CA32 0<\/p>\n","protected":false},"featured_media":19005,"template":"","meta":[],"product_cat":[106,160],"product_tag":[],"_links":{"self":[{"href":"https:\/\/bico.ee\/lv\/wp-json\/wp\/v2\/product\/19004"}],"collection":[{"href":"https:\/\/bico.ee\/lv\/wp-json\/wp\/v2\/product"}],"about":[{"href":"https:\/\/bico.ee\/lv\/wp-json\/wp\/v2\/types\/product"}],"wp:featuredmedia":[{"embeddable":true,"href":"https:\/\/bico.ee\/lv\/wp-json\/wp\/v2\/media\/19005"}],"wp:attachment":[{"href":"https:\/\/bico.ee\/lv\/wp-json\/wp\/v2\/media?parent=19004"}],"wp:term":[{"taxonomy":"product_cat","embeddable":true,"href":"https:\/\/bico.ee\/lv\/wp-json\/wp\/v2\/product_cat?post=19004"},{"taxonomy":"product_tag","embeddable":true,"href":"https:\/\/bico.ee\/lv\/wp-json\/wp\/v2\/product_tag?post=19004"}],"curies":[{"name":"wp","href":"https:\/\/api.w.org\/{rel}","templated":true}]}}