{"id":19008,"date":"2026-04-10T18:44:02","date_gmt":"2026-04-10T18:44:02","guid":{"rendered":""},"modified":"2026-04-10T18:44:02","modified_gmt":"2026-04-10T18:44:02","slug":"bico-fountain-light-venitav-kaevoru-kristallidega-ca34","status":"publish","type":"product","link":"https:\/\/bico.ee\/lv\/p\/bico-stiepjams-rokasspradze-fountain-light-ar-kristaliem-ca34\/","title":{"rendered":"Bico stiepjams rokasspr\u0101dze &#8220;Fountain Light&#8221; ar krist\u0101liem (CA34)&#8221;"},"content":{"rendered":"<p>\u0160o skaisto rokasspr\u0101dzi rot\u0101 Swarovski krist\u0101li un t\u0101 stiepjas virs rokas. Nosaukums: Str\u016bklakas gaisma Noz\u012bme: nebeidzas, kask\u0101des br\u012b\u017ei Pieejam\u0101s kr\u0101sas: dzidrs, zils, roz\u0101, sarkans, gai\u0161i zils Pieejams tikai 18 cm.<\/p>","protected":false},"excerpt":{"rendered":"<p>CA34 0<\/p>\n","protected":false},"featured_media":19009,"template":"","meta":[],"product_cat":[106,160],"product_tag":[],"_links":{"self":[{"href":"https:\/\/bico.ee\/lv\/wp-json\/wp\/v2\/product\/19008"}],"collection":[{"href":"https:\/\/bico.ee\/lv\/wp-json\/wp\/v2\/product"}],"about":[{"href":"https:\/\/bico.ee\/lv\/wp-json\/wp\/v2\/types\/product"}],"wp:featuredmedia":[{"embeddable":true,"href":"https:\/\/bico.ee\/lv\/wp-json\/wp\/v2\/media\/19009"}],"wp:attachment":[{"href":"https:\/\/bico.ee\/lv\/wp-json\/wp\/v2\/media?parent=19008"}],"wp:term":[{"taxonomy":"product_cat","embeddable":true,"href":"https:\/\/bico.ee\/lv\/wp-json\/wp\/v2\/product_cat?post=19008"},{"taxonomy":"product_tag","embeddable":true,"href":"https:\/\/bico.ee\/lv\/wp-json\/wp\/v2\/product_tag?post=19008"}],"curies":[{"name":"wp","href":"https:\/\/api.w.org\/{rel}","templated":true}]}}