{"id":19010,"date":"2026-04-10T18:44:02","date_gmt":"2026-04-10T18:44:02","guid":{"rendered":""},"modified":"2026-04-10T18:44:02","modified_gmt":"2026-04-10T18:44:02","slug":"venitav-kristallidega-kaevoru-bico-cetus-ca35-moe-ehted","status":"publish","type":"product","link":"https:\/\/bico.ee\/lv\/p\/bico-cetus-stiepjams-rokasspradze-ar-kristaliem-ca35-modes-rotaslietas\/","title":{"rendered":"Bico &#8220;Cetus&#8221; stiepjams rokasspr\u0101dze ar krist\u0101liem (CA35) &#8211; modes rotaslietas"},"content":{"rendered":"<p>\u0160o skaisto rokasspr\u0101dzi rot\u0101 Swarovski krist\u0101li un t\u0101 stiepjas virs rokas. Nosaukums: Cetus Noz\u012bme: Harness The Wild Light Pieejam\u0101s kr\u0101sas: Skaidrs, zils, roz\u0101, sarkans, gai\u0161i zils Pieejams tikai 18 cm.<\/p>","protected":false},"excerpt":{"rendered":"<p>CA35 0<\/p>\n","protected":false},"featured_media":19011,"template":"","meta":[],"product_cat":[106,160],"product_tag":[],"_links":{"self":[{"href":"https:\/\/bico.ee\/lv\/wp-json\/wp\/v2\/product\/19010"}],"collection":[{"href":"https:\/\/bico.ee\/lv\/wp-json\/wp\/v2\/product"}],"about":[{"href":"https:\/\/bico.ee\/lv\/wp-json\/wp\/v2\/types\/product"}],"wp:featuredmedia":[{"embeddable":true,"href":"https:\/\/bico.ee\/lv\/wp-json\/wp\/v2\/media\/19011"}],"wp:attachment":[{"href":"https:\/\/bico.ee\/lv\/wp-json\/wp\/v2\/media?parent=19010"}],"wp:term":[{"taxonomy":"product_cat","embeddable":true,"href":"https:\/\/bico.ee\/lv\/wp-json\/wp\/v2\/product_cat?post=19010"},{"taxonomy":"product_tag","embeddable":true,"href":"https:\/\/bico.ee\/lv\/wp-json\/wp\/v2\/product_tag?post=19010"}],"curies":[{"name":"wp","href":"https:\/\/api.w.org\/{rel}","templated":true}]}}