{"id":19018,"date":"2026-04-10T18:44:02","date_gmt":"2026-04-10T18:44:02","guid":{"rendered":""},"modified":"2026-04-10T18:44:02","modified_gmt":"2026-04-10T18:44:02","slug":"bico-fleurette-kasitsi-kootud-kaevoru-kristallidega-ca37-pruun-neutraalne-roosa","status":"publish","type":"product","link":"https:\/\/bico.ee\/lv\/p\/bico-fleurette-rokas-austi-rokasspradze-ar-kristaliem-ca37-bruna-neitrala-roza\/","title":{"rendered":"Bico &#8220;Fleurette&#8221; rokas austi rokasspr\u0101dze ar krist\u0101liem (CA37 br\u016bna neitr\u0101la roz\u0101)"},"content":{"rendered":"<p>Nosaukums: Fleurette rokasspr\u0101dze Noz\u012bme: burv\u012bga un spo\u017ea, pavasar\u012bga Katra rokasspr\u0101dze ir individu\u0101li ar rok\u0101m austa no kokvilnas pavedieniem, ieausta oksid\u0113tos mat\u0113tos gatavos alvas elementos, kas ir piepild\u012bti ar Swarovski krist\u0101liem. Pieejams: Skaidri, zili, roz\u0101, gai\u0161i zili Swarovski krist\u0101li. Pieejamie garumi: 18 un 21 cm<\/p>","protected":false},"excerpt":{"rendered":"<p>CA37BRN-3 0<\/p>\n","protected":false},"featured_media":19019,"template":"","meta":[],"product_cat":[106,160],"product_tag":[],"_links":{"self":[{"href":"https:\/\/bico.ee\/lv\/wp-json\/wp\/v2\/product\/19018"}],"collection":[{"href":"https:\/\/bico.ee\/lv\/wp-json\/wp\/v2\/product"}],"about":[{"href":"https:\/\/bico.ee\/lv\/wp-json\/wp\/v2\/types\/product"}],"wp:featuredmedia":[{"embeddable":true,"href":"https:\/\/bico.ee\/lv\/wp-json\/wp\/v2\/media\/19019"}],"wp:attachment":[{"href":"https:\/\/bico.ee\/lv\/wp-json\/wp\/v2\/media?parent=19018"}],"wp:term":[{"taxonomy":"product_cat","embeddable":true,"href":"https:\/\/bico.ee\/lv\/wp-json\/wp\/v2\/product_cat?post=19018"},{"taxonomy":"product_tag","embeddable":true,"href":"https:\/\/bico.ee\/lv\/wp-json\/wp\/v2\/product_tag?post=19018"}],"curies":[{"name":"wp","href":"https:\/\/api.w.org\/{rel}","templated":true}]}}