{"id":19022,"date":"2026-04-10T18:44:02","date_gmt":"2026-04-10T18:44:02","guid":{"rendered":""},"modified":"2026-04-10T18:44:02","modified_gmt":"2026-04-10T18:44:02","slug":"bico-fleurette-kasitsi-kootud-kaevoru-kristallidega-ca37-pruun-punane","status":"publish","type":"product","link":"https:\/\/bico.ee\/lv\/p\/bico-fleurette-rokas-austi-rokasspradze-ar-kristaliem-ca37-bruns-sarkans\/","title":{"rendered":"Bico &#8220;Fleurette&#8221; rokas austi rokasspr\u0101dze ar krist\u0101liem (CA37 br\u016bns sarkans)"},"content":{"rendered":"<p>Nosaukums: Fleurette rokasspr\u0101dze Noz\u012bme: burv\u012bga un spo\u017ea, pavasar\u012bga Katra rokasspr\u0101dze ir individu\u0101li ar rok\u0101m austa no kokvilnas pavedieniem, ieausta oksid\u0113tos mat\u0113tos gatavos alvas elementos, kas ir piepild\u012bti ar Swarovski krist\u0101liem. Pieejams tikai ar sarkanajiem Swarovski krist\u0101liem. Pieejamie garumi: 18 un 21 cm<\/p>","protected":false},"excerpt":{"rendered":"<p>CA37BRR 0<\/p>\n","protected":false},"featured_media":19023,"template":"","meta":[],"product_cat":[106,160],"product_tag":[],"_links":{"self":[{"href":"https:\/\/bico.ee\/lv\/wp-json\/wp\/v2\/product\/19022"}],"collection":[{"href":"https:\/\/bico.ee\/lv\/wp-json\/wp\/v2\/product"}],"about":[{"href":"https:\/\/bico.ee\/lv\/wp-json\/wp\/v2\/types\/product"}],"wp:featuredmedia":[{"embeddable":true,"href":"https:\/\/bico.ee\/lv\/wp-json\/wp\/v2\/media\/19023"}],"wp:attachment":[{"href":"https:\/\/bico.ee\/lv\/wp-json\/wp\/v2\/media?parent=19022"}],"wp:term":[{"taxonomy":"product_cat","embeddable":true,"href":"https:\/\/bico.ee\/lv\/wp-json\/wp\/v2\/product_cat?post=19022"},{"taxonomy":"product_tag","embeddable":true,"href":"https:\/\/bico.ee\/lv\/wp-json\/wp\/v2\/product_tag?post=19022"}],"curies":[{"name":"wp","href":"https:\/\/api.w.org\/{rel}","templated":true}]}}