{"id":19034,"date":"2026-04-10T18:44:02","date_gmt":"2026-04-10T18:44:02","guid":{"rendered":""},"modified":"2026-04-10T18:44:02","modified_gmt":"2026-04-10T18:44:02","slug":"bico-flower-garland-kasitsi-kootud-kaevoru-kristallidega-ca38-pruun-punane","status":"publish","type":"product","link":"https:\/\/bico.ee\/lv\/p\/bico-flower-garland-ar-rokam-austa-rokasspradze-ar-kristaliem-ca38-bruns-sarkans\/","title":{"rendered":"Bico &#8220;Flower Garland&#8221; ar rok\u0101m austa rokasspr\u0101dze ar krist\u0101liem (CA38 br\u016bns sarkans)"},"content":{"rendered":"<p>Nosaukums: Ziedu v\u012btne Noz\u012bme: Nevain\u012bba un br\u012bv\u012bba Katra rokasspr\u0101dze ir individu\u0101li ar rok\u0101m austa no kokvilnas pavedieniem, ieausta oksid\u0113tos mat\u0113tos gatavos alvas elementos, kas ir piepild\u012bti ar Swarovski krist\u0101liem. Pieejams tikai ar sarkanajiem Swarovski krist\u0101liem. Pieejamie garumi: 18 un 21 cm<\/p>","protected":false},"excerpt":{"rendered":"<p>CA38BRR 0<\/p>\n","protected":false},"featured_media":19035,"template":"","meta":[],"product_cat":[106,160],"product_tag":[],"_links":{"self":[{"href":"https:\/\/bico.ee\/lv\/wp-json\/wp\/v2\/product\/19034"}],"collection":[{"href":"https:\/\/bico.ee\/lv\/wp-json\/wp\/v2\/product"}],"about":[{"href":"https:\/\/bico.ee\/lv\/wp-json\/wp\/v2\/types\/product"}],"wp:featuredmedia":[{"embeddable":true,"href":"https:\/\/bico.ee\/lv\/wp-json\/wp\/v2\/media\/19035"}],"wp:attachment":[{"href":"https:\/\/bico.ee\/lv\/wp-json\/wp\/v2\/media?parent=19034"}],"wp:term":[{"taxonomy":"product_cat","embeddable":true,"href":"https:\/\/bico.ee\/lv\/wp-json\/wp\/v2\/product_cat?post=19034"},{"taxonomy":"product_tag","embeddable":true,"href":"https:\/\/bico.ee\/lv\/wp-json\/wp\/v2\/product_tag?post=19034"}],"curies":[{"name":"wp","href":"https:\/\/api.w.org\/{rel}","templated":true}]}}