{"id":19046,"date":"2026-04-10T18:44:02","date_gmt":"2026-04-10T18:44:02","guid":{"rendered":""},"modified":"2026-04-10T18:44:02","modified_gmt":"2026-04-10T18:44:02","slug":"bico-amaria-kasitsi-kootud-kaevoru-kristallidega-ca39-pruun-punane","status":"publish","type":"product","link":"https:\/\/bico.ee\/lv\/p\/bico-amaria-rokas-austi-rokasspradze-ar-kristaliem-ca39-bruns-sarkans\/","title":{"rendered":"Bico &#8220;Amaria&#8221; rokas austi rokasspr\u0101dze ar krist\u0101liem (CA39 br\u016bns sarkans)"},"content":{"rendered":"<p>Nosaukums: Amaria Noz\u012bme: Dzirksto\u0161\u0101 dz\u012bv\u012bbas gaisma Katra rokasspr\u0101dze ir individu\u0101li ar rok\u0101m austa no kokvilnas pavedieniem, ieausta oksid\u0113tos mat\u0113tos gatavos alvas elementos, kas ir piepild\u012bti ar Swarovski krist\u0101liem. Pieejams ar: caursp\u012bd\u012bgiem, ziliem, roz\u0101, gai\u0161i ziliem un sarkaniem Swarovski krist\u0101liem. Pieejamie garumi: 18 un 21 cm<\/p>","protected":false},"excerpt":{"rendered":"<p>CA39BRR 0<\/p>\n","protected":false},"featured_media":19047,"template":"","meta":[],"product_cat":[106,160],"product_tag":[],"_links":{"self":[{"href":"https:\/\/bico.ee\/lv\/wp-json\/wp\/v2\/product\/19046"}],"collection":[{"href":"https:\/\/bico.ee\/lv\/wp-json\/wp\/v2\/product"}],"about":[{"href":"https:\/\/bico.ee\/lv\/wp-json\/wp\/v2\/types\/product"}],"wp:featuredmedia":[{"embeddable":true,"href":"https:\/\/bico.ee\/lv\/wp-json\/wp\/v2\/media\/19047"}],"wp:attachment":[{"href":"https:\/\/bico.ee\/lv\/wp-json\/wp\/v2\/media?parent=19046"}],"wp:term":[{"taxonomy":"product_cat","embeddable":true,"href":"https:\/\/bico.ee\/lv\/wp-json\/wp\/v2\/product_cat?post=19046"},{"taxonomy":"product_tag","embeddable":true,"href":"https:\/\/bico.ee\/lv\/wp-json\/wp\/v2\/product_tag?post=19046"}],"curies":[{"name":"wp","href":"https:\/\/api.w.org\/{rel}","templated":true}]}}