{"id":19051,"date":"2026-04-10T18:44:02","date_gmt":"2026-04-10T18:44:02","guid":{"rendered":""},"modified":"2026-04-10T18:44:02","modified_gmt":"2026-04-10T18:44:02","slug":"bico-engineer-316l-roostevabast-terasest-sormus-ar7","status":"publish","type":"product","link":"https:\/\/bico.ee\/lv\/p\/bico-engineer-316l-nerusejosa-terauda-gredzena-ar7-rotaslietas\/","title":{"rendered":"Bico &#8220;Engineer&#8221; 316L ner\u016bs\u0113jo\u0161\u0101 t\u0113rauda gredzena (AR7) rotaslietas,"},"content":{"rendered":"<p>Z+1 Ori\u0123in\u0101ls un unik\u0101ls Bico dizains. Katrs gredzens ir izgriezts no cieta 316L ner\u016bs\u0113jo\u0161\u0101 t\u0113rauda stie\u0146a un p\u0113c tam individu\u0101li apstr\u0101d\u0101ts ar sp\u012bdumu. ASV izm\u0113ri p\u0101rv\u0113rsti tuv\u0101kaj\u0101 Apvienot\u0101s Karalistes lielum\u0101. Komplekt\u0101 ietilpst Bico d\u0101vanu maisi\u0146\u0161. <Br> <Br> R\u016bpes par j\u016bsu Bico produktu: Izgatavots no hipoaler\u0123iska 316L \u0137irur\u0123isk\u0101 ner\u016bs\u0113jo\u0161\u0101 t\u0113rauda, \u200b\u200b\u0161is \u0101rk\u0101rt\u012bgi cietais met\u0101ls nesm\u0113r\u0113s un iztur\u0113sies pret skr\u0101p\u0113jumiem. Vienk\u0101r\u0161i nomazg\u0101jiet produktu silt\u0101 \u016bden\u012b un ziep\u0113s vai mazg\u0101\u0161anas l\u012bdzekl\u012b, p\u0113c vajadz\u012bbas noskalojiet un nosusiniet ar m\u012bkstu dr\u0101nu. Nosaukums: Precizit\u0101te Noz\u012bme: Izm\u0113r\u012bts, prec\u012bzs, izstr\u0101d\u0101ts un izgatavots Austr\u0101lij\u0101 no 316L ner\u016bs\u0113jo\u0161\u0101 t\u0113rauda Izm\u0113rs: UK Z+1 (ASV 13) Diametrs 22,3 mm Apk\u0101rtm\u0113rs: 70 mm. Pieejams izm\u0113ros: 17,18,19,20,21,22,24<\/p>","protected":false},"excerpt":{"rendered":"<p>AR7 0<\/p>\n","protected":false},"featured_media":19052,"template":"","meta":[],"product_cat":[113,125],"product_tag":[],"_links":{"self":[{"href":"https:\/\/bico.ee\/lv\/wp-json\/wp\/v2\/product\/19051"}],"collection":[{"href":"https:\/\/bico.ee\/lv\/wp-json\/wp\/v2\/product"}],"about":[{"href":"https:\/\/bico.ee\/lv\/wp-json\/wp\/v2\/types\/product"}],"wp:featuredmedia":[{"embeddable":true,"href":"https:\/\/bico.ee\/lv\/wp-json\/wp\/v2\/media\/19052"}],"wp:attachment":[{"href":"https:\/\/bico.ee\/lv\/wp-json\/wp\/v2\/media?parent=19051"}],"wp:term":[{"taxonomy":"product_cat","embeddable":true,"href":"https:\/\/bico.ee\/lv\/wp-json\/wp\/v2\/product_cat?post=19051"},{"taxonomy":"product_tag","embeddable":true,"href":"https:\/\/bico.ee\/lv\/wp-json\/wp\/v2\/product_tag?post=19051"}],"curies":[{"name":"wp","href":"https:\/\/api.w.org\/{rel}","templated":true}]}}