{"id":19089,"date":"2026-04-10T18:44:03","date_gmt":"2026-04-10T18:44:03","guid":{"rendered":""},"modified":"2026-04-10T18:44:03","modified_gmt":"2026-04-10T18:44:03","slug":"bico-wagyl-madu-ripats-labipaistva-vaiguga-b225","status":"publish","type":"product","link":"https:\/\/bico.ee\/lv\/p\/bico-wagyl-cuskas-kulons-ar-caurspidigiem-svekiem-b225\/","title":{"rendered":"Bico &#8220;Wagyl&#8221; \u010d\u016bskas kulons ar caursp\u012bd\u012bgiem sve\u0137iem (B225)"},"content":{"rendered":"<p>Da\u013ca no Bico m\u016b\u017e\u012bg\u0101 ikonu piekari\u0146u kl\u0101sta, apvienojot met\u0101lu ar kr\u0101sainiem sve\u0137u pild\u012bjumiem. Nosaukums: Wagyl Noz\u012bme: \u016bdens aizbildnis Ori\u0123in\u0101ls Bico izstr\u0101d\u0101ts kulons ar m\u016bsu unik\u0101lo oksid\u0113to mat\u0113to sudraba apdari apvienojum\u0101 ar caursp\u012bd\u012bgiem kr\u0101sainiem sve\u0137iem. Pieejam\u0101s kr\u0101sas: zila, melna, sarkana, gai\u0161i zila. Kulona platums: 1,7 cm garums: 2,8 cm<\/p>","protected":false},"excerpt":{"rendered":"<p>B225 0<\/p>\n","protected":false},"featured_media":19090,"template":"","meta":[],"product_cat":[277,289],"product_tag":[],"_links":{"self":[{"href":"https:\/\/bico.ee\/lv\/wp-json\/wp\/v2\/product\/19089"}],"collection":[{"href":"https:\/\/bico.ee\/lv\/wp-json\/wp\/v2\/product"}],"about":[{"href":"https:\/\/bico.ee\/lv\/wp-json\/wp\/v2\/types\/product"}],"wp:featuredmedia":[{"embeddable":true,"href":"https:\/\/bico.ee\/lv\/wp-json\/wp\/v2\/media\/19090"}],"wp:attachment":[{"href":"https:\/\/bico.ee\/lv\/wp-json\/wp\/v2\/media?parent=19089"}],"wp:term":[{"taxonomy":"product_cat","embeddable":true,"href":"https:\/\/bico.ee\/lv\/wp-json\/wp\/v2\/product_cat?post=19089"},{"taxonomy":"product_tag","embeddable":true,"href":"https:\/\/bico.ee\/lv\/wp-json\/wp\/v2\/product_tag?post=19089"}],"curies":[{"name":"wp","href":"https:\/\/api.w.org\/{rel}","templated":true}]}}