{"id":19093,"date":"2026-04-10T18:44:03","date_gmt":"2026-04-10T18:44:03","guid":{"rendered":""},"modified":"2026-04-10T18:44:03","modified_gmt":"2026-04-10T18:44:03","slug":"bico-pax-rahuripats-labipaistva-vaiguga-b229","status":"publish","type":"product","link":"https:\/\/bico.ee\/lv\/p\/bico-pax-miera-kulons-ar-caurspidigiem-svekiem-b229\/","title":{"rendered":"Bico &#8220;Pax&#8221; miera kulons ar caursp\u012bd\u012bgiem sve\u0137iem (B229)"},"content":{"rendered":"<p>Da\u013ca no Bico m\u016b\u017e\u012bg\u0101 ikonu piekari\u0146u kl\u0101sta, apvienojot met\u0101lu ar kr\u0101sainiem sve\u0137u pild\u012bjumiem. Nosaukums: Cer\u012bbas lente Noz\u012bme: solidarit\u0101te un vienot\u012bba, sp\u0113ks p\u0101rvar\u0113t Ori\u0123in\u0101ls Bico izstr\u0101d\u0101ts kulons ar m\u016bsu unik\u0101lo oksid\u0113to mat\u0113to sudraba apdari apvienojum\u0101 ar caursp\u012bd\u012bgiem kr\u0101sainiem sve\u0137iem. Pieejams tikai roz\u0101 kr\u0101s\u0101. Kulona platums: 1,7 cm Garums: 2,6 cm<\/p>","protected":false},"excerpt":{"rendered":"<p>B229 0<\/p>\n","protected":false},"featured_media":19094,"template":"","meta":[],"product_cat":[277,289],"product_tag":[],"_links":{"self":[{"href":"https:\/\/bico.ee\/lv\/wp-json\/wp\/v2\/product\/19093"}],"collection":[{"href":"https:\/\/bico.ee\/lv\/wp-json\/wp\/v2\/product"}],"about":[{"href":"https:\/\/bico.ee\/lv\/wp-json\/wp\/v2\/types\/product"}],"wp:featuredmedia":[{"embeddable":true,"href":"https:\/\/bico.ee\/lv\/wp-json\/wp\/v2\/media\/19094"}],"wp:attachment":[{"href":"https:\/\/bico.ee\/lv\/wp-json\/wp\/v2\/media?parent=19093"}],"wp:term":[{"taxonomy":"product_cat","embeddable":true,"href":"https:\/\/bico.ee\/lv\/wp-json\/wp\/v2\/product_cat?post=19093"},{"taxonomy":"product_tag","embeddable":true,"href":"https:\/\/bico.ee\/lv\/wp-json\/wp\/v2\/product_tag?post=19093"}],"curies":[{"name":"wp","href":"https:\/\/api.w.org\/{rel}","templated":true}]}}