{"id":19095,"date":"2026-04-10T18:44:03","date_gmt":"2026-04-10T18:44:03","guid":{"rendered":""},"modified":"2026-04-10T18:44:03","modified_gmt":"2026-04-10T18:44:03","slug":"bico-labipaistva-vaiguga-ripats-cherished-heart-b231","status":"publish","type":"product","link":"https:\/\/bico.ee\/lv\/p\/biko-kulons-cherished-heart-ar-caurspidigiem-svekiem-b231\/","title":{"rendered":"Biko kulons &#8220;Cherished Heart&#8221; ar caursp\u012bd\u012bgiem sve\u0137iem (B231)&#8221;"},"content":{"rendered":"<p>Da\u013ca no Bico m\u016b\u017e\u012bg\u0101 ikonu piekari\u0146u kl\u0101sta, apvienojot met\u0101lu ar kr\u0101sainiem sve\u0137u pild\u012bjumiem. V\u0101rds: lolota sirds Noz\u012bme: aizsardz\u012bba un m\u012blest\u012bba Ori\u0123in\u0101ls Bico izstr\u0101d\u0101ts kulons ar m\u016bsu unik\u0101lo oksid\u0113to mat\u0113to sudraba apdari apvienojum\u0101 ar caursp\u012bd\u012bgiem kr\u0101sainiem sve\u0137iem. Pieejam\u0101s kr\u0101sas: zila, melna, sarkana, gai\u0161i zila. Kulona platums: 1,9 cm Garums: 2,5 cm<\/p>","protected":false},"excerpt":{"rendered":"<p>B231 0<\/p>\n","protected":false},"featured_media":19096,"template":"","meta":[],"product_cat":[277,289],"product_tag":[],"_links":{"self":[{"href":"https:\/\/bico.ee\/lv\/wp-json\/wp\/v2\/product\/19095"}],"collection":[{"href":"https:\/\/bico.ee\/lv\/wp-json\/wp\/v2\/product"}],"about":[{"href":"https:\/\/bico.ee\/lv\/wp-json\/wp\/v2\/types\/product"}],"wp:featuredmedia":[{"embeddable":true,"href":"https:\/\/bico.ee\/lv\/wp-json\/wp\/v2\/media\/19096"}],"wp:attachment":[{"href":"https:\/\/bico.ee\/lv\/wp-json\/wp\/v2\/media?parent=19095"}],"wp:term":[{"taxonomy":"product_cat","embeddable":true,"href":"https:\/\/bico.ee\/lv\/wp-json\/wp\/v2\/product_cat?post=19095"},{"taxonomy":"product_tag","embeddable":true,"href":"https:\/\/bico.ee\/lv\/wp-json\/wp\/v2\/product_tag?post=19095"}],"curies":[{"name":"wp","href":"https:\/\/api.w.org\/{rel}","templated":true}]}}