{"id":19105,"date":"2026-04-10T18:44:03","date_gmt":"2026-04-10T18:44:03","guid":{"rendered":""},"modified":"2026-04-10T18:44:03","modified_gmt":"2026-04-10T18:44:03","slug":"bico-kristallidega-kaitseingli-ripats-ms7","status":"publish","type":"product","link":"https:\/\/bico.ee\/lv\/p\/biko-kulons-sargengelis-ar-kristaliem-ms7\/","title":{"rendered":"Biko kulons &#8220;Sarge\u0146\u0123elis&#8221; ar krist\u0101liem (MS7)"},"content":{"rendered":"<p>Maz\u0101ks z\u012bmola Bico kulons, ikonisks un simbolisks, rot\u0101ts ar autentiskiem Swarovski krist\u0101liem. Nosaukums: Sarge\u0146\u0123elis Noz\u012bme: dievi\u0161\u0137a aizsardz\u012bba, vienm\u0113r ar jums, nekad nav pieejams Pieejam\u0101s kr\u0101sas: zila, skaidra, sarkana, gai\u0161i zila, roz\u0101 Bico pied\u0101v\u0101 maz\u0101ku \u0137\u0113di (F0, F1, F2, F3, F95 l\u012bdz F100) vai izmantojiet papildu Cilpa un gandr\u012bz jebkura Bico aukla vai \u017e\u0146audz\u0113js, lai pabeigtu komplektu. Kulona platums: 1,3 cm garums: 1,5 cm<\/p>","protected":false},"excerpt":{"rendered":"<p>MS7 0<\/p>\n","protected":false},"featured_media":19106,"template":"","meta":[],"product_cat":[277,292],"product_tag":[],"_links":{"self":[{"href":"https:\/\/bico.ee\/lv\/wp-json\/wp\/v2\/product\/19105"}],"collection":[{"href":"https:\/\/bico.ee\/lv\/wp-json\/wp\/v2\/product"}],"about":[{"href":"https:\/\/bico.ee\/lv\/wp-json\/wp\/v2\/types\/product"}],"wp:featuredmedia":[{"embeddable":true,"href":"https:\/\/bico.ee\/lv\/wp-json\/wp\/v2\/media\/19106"}],"wp:attachment":[{"href":"https:\/\/bico.ee\/lv\/wp-json\/wp\/v2\/media?parent=19105"}],"wp:term":[{"taxonomy":"product_cat","embeddable":true,"href":"https:\/\/bico.ee\/lv\/wp-json\/wp\/v2\/product_cat?post=19105"},{"taxonomy":"product_tag","embeddable":true,"href":"https:\/\/bico.ee\/lv\/wp-json\/wp\/v2\/product_tag?post=19105"}],"curies":[{"name":"wp","href":"https:\/\/api.w.org\/{rel}","templated":true}]}}