{"id":19109,"date":"2026-04-10T18:44:03","date_gmt":"2026-04-10T18:44:03","guid":{"rendered":""},"modified":"2026-04-10T18:44:03","modified_gmt":"2026-04-10T18:44:03","slug":"bico-ristikuvoti-kristallidega-ripats-ms9","status":"publish","type":"product","link":"https:\/\/bico.ee\/lv\/p\/kulons-ar-abolina-atslegu-ar-kristaliem-ms9\/","title":{"rendered":"Kulons ar \u0101boli\u0146a atsl\u0113gu ar krist\u0101liem (MS9)"},"content":{"rendered":"<p>Maz\u0101ks z\u012bmola Bico kulons, ikonisks un simbolisks, rot\u0101ts ar autentiskiem Swarovski krist\u0101liem. Nosaukums: \u0100boli\u0146a atsl\u0113ga Noz\u012bme: pan\u0101kumu un veiksmes atsl\u0113ga Pieejam\u0101s kr\u0101sas: zila, skaidra, sarkana, gai\u0161i zila, roz\u0101 Bico pied\u0101v\u0101 maz\u0101ku \u0137\u0113di (F0, F1, F2, F3, F95 l\u012bdz F100) vai izmantojiet papildu cilpu un gandr\u012bz jebkura Bico aukla vai \u017e\u0146audz\u0113js, lai pabeigtu komplektu. Kulona platums: 0,9 cm garums: 2,2 cm<\/p>","protected":false},"excerpt":{"rendered":"<p>MS9 0<\/p>\n","protected":false},"featured_media":19110,"template":"","meta":[],"product_cat":[277,292],"product_tag":[],"_links":{"self":[{"href":"https:\/\/bico.ee\/lv\/wp-json\/wp\/v2\/product\/19109"}],"collection":[{"href":"https:\/\/bico.ee\/lv\/wp-json\/wp\/v2\/product"}],"about":[{"href":"https:\/\/bico.ee\/lv\/wp-json\/wp\/v2\/types\/product"}],"wp:featuredmedia":[{"embeddable":true,"href":"https:\/\/bico.ee\/lv\/wp-json\/wp\/v2\/media\/19110"}],"wp:attachment":[{"href":"https:\/\/bico.ee\/lv\/wp-json\/wp\/v2\/media?parent=19109"}],"wp:term":[{"taxonomy":"product_cat","embeddable":true,"href":"https:\/\/bico.ee\/lv\/wp-json\/wp\/v2\/product_cat?post=19109"},{"taxonomy":"product_tag","embeddable":true,"href":"https:\/\/bico.ee\/lv\/wp-json\/wp\/v2\/product_tag?post=19109"}],"curies":[{"name":"wp","href":"https:\/\/api.w.org\/{rel}","templated":true}]}}