{"id":19111,"date":"2026-04-10T18:44:03","date_gmt":"2026-04-10T18:44:03","guid":{"rendered":""},"modified":"2026-04-10T18:44:03","modified_gmt":"2026-04-10T18:44:03","slug":"bico-butterfly-kristallidega-ripats-ms10","status":"publish","type":"product","link":"https:\/\/bico.ee\/lv\/p\/bico-butterfly-kulons-ar-kristaliem-ms10\/","title":{"rendered":"Bico &#8220;Butterfly&#8221; kulons ar krist\u0101liem (MS10)"},"content":{"rendered":"<p>Maz\u0101ks z\u012bmola Bico kulons, ikonisks un simbolisks, rot\u0101ts ar autentiskiem Swarovski krist\u0101liem. Nosaukums: Tauri\u0146\u0161 Noz\u012bme: person\u012bga p\u0101rv\u0113rt\u012bba, \u017e\u0113last\u012bba un prieks par pieejam\u012bbu Kr\u0101sas: zila, skaidra, sarkana, gai\u0161i zila, roz\u0101 Bico pied\u0101v\u0101 maz\u0101ku \u0137\u0113di (F0, F1, F2, F3, F95 l\u012bdz F100) vai izmantojiet papildu cilpu un gandr\u012bz jebkura Bico aukla vai \u017e\u0146audz\u0113js komplekta pabeig\u0161anai. Kulona platums: 1,3 cm garums: 2 cm<\/p>","protected":false},"excerpt":{"rendered":"<p>MS10 0<\/p>\n","protected":false},"featured_media":19112,"template":"","meta":[],"product_cat":[277,292],"product_tag":[],"_links":{"self":[{"href":"https:\/\/bico.ee\/lv\/wp-json\/wp\/v2\/product\/19111"}],"collection":[{"href":"https:\/\/bico.ee\/lv\/wp-json\/wp\/v2\/product"}],"about":[{"href":"https:\/\/bico.ee\/lv\/wp-json\/wp\/v2\/types\/product"}],"wp:featuredmedia":[{"embeddable":true,"href":"https:\/\/bico.ee\/lv\/wp-json\/wp\/v2\/media\/19112"}],"wp:attachment":[{"href":"https:\/\/bico.ee\/lv\/wp-json\/wp\/v2\/media?parent=19111"}],"wp:term":[{"taxonomy":"product_cat","embeddable":true,"href":"https:\/\/bico.ee\/lv\/wp-json\/wp\/v2\/product_cat?post=19111"},{"taxonomy":"product_tag","embeddable":true,"href":"https:\/\/bico.ee\/lv\/wp-json\/wp\/v2\/product_tag?post=19111"}],"curies":[{"name":"wp","href":"https:\/\/api.w.org\/{rel}","templated":true}]}}