{"id":19113,"date":"2026-04-10T18:44:03","date_gmt":"2026-04-10T18:44:03","guid":{"rendered":""},"modified":"2026-04-10T18:44:03","modified_gmt":"2026-04-10T18:44:03","slug":"bico-petite-fleurette-lilleriip-kristallidega-ms11","status":"publish","type":"product","link":"https:\/\/bico.ee\/lv\/p\/bico-petite-fleurette-ziedu-kulons-ar-kristaliem-ms11\/","title":{"rendered":"Bico &#8220;Petite Fleurette&#8221; ziedu kulons ar krist\u0101liem (MS11)"},"content":{"rendered":"<p>Maz\u0101ks z\u012bmola Bico kulons, ikonisks un simbolisks, rot\u0101ts ar autentiskiem Swarovski krist\u0101liem. Nosaukums: Petite Fleurette Noz\u012bme: m\u012b\u013ca un spo\u017ea Pieejam\u0101s kr\u0101sas: zila, skaidra, sarkana, gai\u0161i zila, roz\u0101 Bico pied\u0101v\u0101 maz\u0101ku \u0137\u0113di (F0, F1, F2, F3, F95 l\u012bdz F100) vai izmantot papildu cilpu un gandr\u012bz jebkuru Bico auklu vai \u017e\u0146audz\u0113js, lai pabeigtu komplektu. Kulona platums: 1,7 cm Garums: 1,7 cm<\/p>","protected":false},"excerpt":{"rendered":"<p>MS11 0<\/p>\n","protected":false},"featured_media":19114,"template":"","meta":[],"product_cat":[277,292],"product_tag":[],"_links":{"self":[{"href":"https:\/\/bico.ee\/lv\/wp-json\/wp\/v2\/product\/19113"}],"collection":[{"href":"https:\/\/bico.ee\/lv\/wp-json\/wp\/v2\/product"}],"about":[{"href":"https:\/\/bico.ee\/lv\/wp-json\/wp\/v2\/types\/product"}],"wp:featuredmedia":[{"embeddable":true,"href":"https:\/\/bico.ee\/lv\/wp-json\/wp\/v2\/media\/19114"}],"wp:attachment":[{"href":"https:\/\/bico.ee\/lv\/wp-json\/wp\/v2\/media?parent=19113"}],"wp:term":[{"taxonomy":"product_cat","embeddable":true,"href":"https:\/\/bico.ee\/lv\/wp-json\/wp\/v2\/product_cat?post=19113"},{"taxonomy":"product_tag","embeddable":true,"href":"https:\/\/bico.ee\/lv\/wp-json\/wp\/v2\/product_tag?post=19113"}],"curies":[{"name":"wp","href":"https:\/\/api.w.org\/{rel}","templated":true}]}}