{"id":19117,"date":"2026-04-10T18:44:03","date_gmt":"2026-04-10T18:44:03","guid":{"rendered":""},"modified":"2026-04-10T18:44:03","modified_gmt":"2026-04-10T18:44:03","slug":"bico-clover-lilleriip-kristallidega-ms13","status":"publish","type":"product","link":"https:\/\/bico.ee\/lv\/p\/bico-clover-ziedu-kulons-ar-kristaliem-ms13\/","title":{"rendered":"Bico &#8220;Clover&#8221; ziedu kulons ar krist\u0101liem (MS13)"},"content":{"rendered":"<p>Maz\u0101ks z\u012bmola Bico kulons, ikonisks un simbolisks, rot\u0101ts ar autentiskiem Swarovski krist\u0101liem. Nosaukums: \u0100boli\u0146\u0161 Noz\u012bme: veiksme un tendence Pieejam\u0101s kr\u0101sas: zila, dzidra, sarkana, gai\u0161i zila, roz\u0101 Bico pied\u0101v\u0101 maz\u0101ku \u0137\u0113di (F0, F1, F2, F3, F95 l\u012bdz F100) vai izmantot papildu cilpu un gandr\u012bz jebkuru Bico auklu choker, lai pabeigtu komplektu. Kulona platums: 1,3 cm garums: 1,3 cm<\/p>","protected":false},"excerpt":{"rendered":"<p>MS13 0<\/p>\n","protected":false},"featured_media":21550,"template":"","meta":[],"product_cat":[277,292],"product_tag":[],"_links":{"self":[{"href":"https:\/\/bico.ee\/lv\/wp-json\/wp\/v2\/product\/19117"}],"collection":[{"href":"https:\/\/bico.ee\/lv\/wp-json\/wp\/v2\/product"}],"about":[{"href":"https:\/\/bico.ee\/lv\/wp-json\/wp\/v2\/types\/product"}],"wp:featuredmedia":[{"embeddable":true,"href":"https:\/\/bico.ee\/lv\/wp-json\/"}],"wp:attachment":[{"href":"https:\/\/bico.ee\/lv\/wp-json\/wp\/v2\/media?parent=19117"}],"wp:term":[{"taxonomy":"product_cat","embeddable":true,"href":"https:\/\/bico.ee\/lv\/wp-json\/wp\/v2\/product_cat?post=19117"},{"taxonomy":"product_tag","embeddable":true,"href":"https:\/\/bico.ee\/lv\/wp-json\/wp\/v2\/product_tag?post=19117"}],"curies":[{"name":"wp","href":"https:\/\/api.w.org\/{rel}","templated":true}]}}