{"id":19433,"date":"2026-04-10T18:43:58","date_gmt":"2026-04-10T18:43:58","guid":{"rendered":""},"modified":"2026-04-10T18:43:58","modified_gmt":"2026-04-10T18:43:58","slug":"bico-lilac-star-kristallidega-lilleripats-pv9","status":"publish","type":"product","link":"https:\/\/bico.ee\/lv\/p\/bico-cerinu-zvaigzne-ziedu-kulons-ar-kristaliem-pv9\/","title":{"rendered":"Bico &#8220;Ceri\u0146u zvaigzne&#8221; ziedu kulons ar krist\u0101liem (PV9)"},"content":{"rendered":"<p>Faux Pave piekari\u0146i, kas izveidoti, atsevi\u0161\u0137i ievietojot sve\u0137u pamatn\u0113 vair\u0101k nek\u0101 160 <\/LI><LI>autentiskus Swarovski krist\u0101lus. <BR><UL><LI>Nosaukums: Ceri\u0146u zvaigzne <\/LI><LI>Noz\u012bme: Dz\u012bve ar gai\u0161umu un mirdzumu Vair\u0101k nek\u0101 160 <\/LI><LI>autentisku Swarovski krist\u0101lu, kas atsevi\u0161\u0137i ievietoti katr\u0101 piekari\u0146\u0101 Pieejam\u0101s kr\u0101sas: zila, melna, sarkana, gai\u0161i zila, roz\u0101, dzidra. Kulona platums: 4,5 cm garums: 4,5 cm cilpas diametrs: 5 mm<\/p>","protected":false},"excerpt":{"rendered":"<p>PV9 0<\/p>\n","protected":false},"featured_media":19944,"template":"","meta":[],"product_cat":[277,291],"product_tag":[],"_links":{"self":[{"href":"https:\/\/bico.ee\/lv\/wp-json\/wp\/v2\/product\/19433"}],"collection":[{"href":"https:\/\/bico.ee\/lv\/wp-json\/wp\/v2\/product"}],"about":[{"href":"https:\/\/bico.ee\/lv\/wp-json\/wp\/v2\/types\/product"}],"wp:featuredmedia":[{"embeddable":true,"href":"https:\/\/bico.ee\/lv\/wp-json\/wp\/v2\/media\/19944"}],"wp:attachment":[{"href":"https:\/\/bico.ee\/lv\/wp-json\/wp\/v2\/media?parent=19433"}],"wp:term":[{"taxonomy":"product_cat","embeddable":true,"href":"https:\/\/bico.ee\/lv\/wp-json\/wp\/v2\/product_cat?post=19433"},{"taxonomy":"product_tag","embeddable":true,"href":"https:\/\/bico.ee\/lv\/wp-json\/wp\/v2\/product_tag?post=19433"}],"curies":[{"name":"wp","href":"https:\/\/api.w.org\/{rel}","templated":true}]}}