{"id":21789,"date":"2026-04-10T18:44:03","date_gmt":"2026-04-10T18:44:03","guid":{"rendered":""},"modified":"2026-04-10T18:44:03","modified_gmt":"2026-04-10T18:44:03","slug":"votmehoidja-pudeli-avaja-bico3","status":"publish","type":"product","link":"https:\/\/bico.ee\/lv\/p\/atslegu-piekarina-pudelu-atverejs-bico3\/","title":{"rendered":"Atsl\u0113gu piekari\u0146a pude\u013cu atv\u0113r\u0113js Bico."},"content":{"rendered":"<p>Tit\u0101na asaru piliens atsl\u0113gas gredzens \/ karab\u012bne<br \/>\n<BR><UL><LI>Katrs keyring \/ karab\u012bne ir atsevi\u0161\u0137i izgriezts no cietas 5. klases (6AL 4V) tit\u0101na loksnes, izmantojot prec\u012bzu elektrisk\u0101s izl\u0101des vadu grie\u0161anas (EDW) tehnolo\u0123iju.<br \/>\n<\/LI><LI>Inovat\u012bvais unibody dizains \u013cauj \u0101tri un viegli p\u0101rvietot atsl\u0113gas uz un no atsl\u0113gu piekari\u0146a, izmantojot \u012bpa\u0161i dro\u0161os dubultos v\u0101rtus.<br \/>\n<\/LI><LI>Pieejam\u0101s kr\u0101sas: zila, mat\u0113ta apdare, zelts, akmens apdare<br \/>\n<\/LI><LI>Katru gabalu mazg\u0101 ar sk\u0101bi, p\u0113c tam sama\u013c ar rok\u0101m, pirms to 24 stundas pak\u013cauj akme\u0146iem un \u012bpa\u0161am \u0161\u0137\u012bdumam, un p\u0113c tam ar rok\u0101m atk\u0101rtoti apstr\u0101d\u0101 uz vis\u0101m virsm\u0101m, lai izveidotu apdegu\u0161\u0101s virsmas<br \/>\n<\/LI><LI>Aptuveni: Garums 5.5cm * Platums 3cm * Biezums 4mm<br \/>\n<\/LI><LI>Bico Keyklipz A s\u0113rija ir galvenais atsl\u0113gu gredzens, kas izmanto tit\u0101na superiztur\u012bbu un elast\u012bbu, lai izveidotu stil\u012bgu, valk\u0101jamu atsl\u0113gu gredzenu ar ezy-on\/ezy-off funkciju, kas apvieno ikoniskus dizainus un karab\u012bnes funkcijas.<br \/>\n<\/LI><LI>\u0160is ir ide\u0101ls keyring \/ karab\u012bne ikdienas atsl\u0113gu un EDC r\u012bku n\u0113s\u0101\u0161anai &#8211; pietiekami sp\u0113c\u012bgs, lai b\u016btu atkar\u012bgs no norm\u0101las ikdienas lieto\u0161anas.<br \/>\n<\/LI><LI>Atsl\u0113gas un citus priek\u0161metus, piem\u0113ram, vair\u0101kus instrumentus, ir viegli uzvilkt un no\u0146emt tausti\u0146us, savuk\u0101rt atsl\u0113gu grupas un nestandarta atsl\u0113gas uz parastajiem apa\u013cajiem gredzeniem ir tikpat viegli uzvilkt un pacelt.<br \/>\n<\/LI><LI>Keyklipz dizains darbojas ar\u012b k\u0101 karab\u012bne \u2013 bet ar stilu! Un dubult\u0101s blo\u0137\u0113\u0161anas dizains nostiprina atsl\u0113gas, kad atsl\u0113gas gredzens tiek uzvilkts vai no\u0146emts no d\u017einsiem vai somas.<br \/>\n<\/LI><LI>M\u016bsu izv\u0113l\u0113tie ikoniskie dizaini ir optimiz\u0113ti funkcijai, ta\u010du katram no tiem ir sava person\u012bba un \u012bpa\u0161s izmanto\u0161anas veids: piedz\u012bvojums, kas gaida, lai to izbaud\u012btu!<br \/>\n <\/LI><\/UL><\/p>","protected":false},"excerpt":{"rendered":"<p>KR25A-ST 825873075791<\/p>\n","protected":false},"featured_media":21790,"template":"","meta":[],"product_cat":[122],"product_tag":[],"_links":{"self":[{"href":"https:\/\/bico.ee\/lv\/wp-json\/wp\/v2\/product\/21789"}],"collection":[{"href":"https:\/\/bico.ee\/lv\/wp-json\/wp\/v2\/product"}],"about":[{"href":"https:\/\/bico.ee\/lv\/wp-json\/wp\/v2\/types\/product"}],"wp:featuredmedia":[{"embeddable":true,"href":"https:\/\/bico.ee\/lv\/wp-json\/wp\/v2\/media\/21790"}],"wp:attachment":[{"href":"https:\/\/bico.ee\/lv\/wp-json\/wp\/v2\/media?parent=21789"}],"wp:term":[{"taxonomy":"product_cat","embeddable":true,"href":"https:\/\/bico.ee\/lv\/wp-json\/wp\/v2\/product_cat?post=21789"},{"taxonomy":"product_tag","embeddable":true,"href":"https:\/\/bico.ee\/lv\/wp-json\/wp\/v2\/product_tag?post=21789"}],"curies":[{"name":"wp","href":"https:\/\/api.w.org\/{rel}","templated":true}]}}