{"id":21840,"date":"2026-04-10T18:44:03","date_gmt":"2026-04-10T18:44:03","guid":{"rendered":""},"modified":"2026-04-10T18:44:03","modified_gmt":"2026-04-10T18:44:03","slug":"votmehoidja-karabiin-bico8","status":"publish","type":"product","link":"https:\/\/bico.ee\/lv\/p\/atslegu-piekarins-karabine-bico8\/","title":{"rendered":"Atsl\u0113gu piekari\u0146\u0161-karab\u012bne Bico."},"content":{"rendered":"<p>Bico Titanium Keyring \/ karab\u012bnes asaru piliens<br \/>\n<BR><UL><LI>Katrs keyring \/ karab\u012bne ir atsevi\u0161\u0137i izgriezts no cietas 5. klases (6AL 4V) tit\u0101na loksnes, izmantojot prec\u012bzu elektrisk\u0101s izl\u0101des vadu grie\u0161anas (EDW) tehnolo\u0123iju.<br \/>\n<\/LI><LI>Pude\u013cu atv\u0113r\u0113ja dizains apvieno \u013coti funkcion\u0101la pude\u013cu atv\u0113r\u0113ja funkciju ar keyring un karab\u012bnes funkcij\u0101m ikonisk\u0101 un l\u012bdzsvarot\u0101 dizain\u0101.<br \/>\n<\/LI><LI>Pieejam\u0101s kr\u0101sas: zila, mat\u0113ta apdare, zelts, akmens apdare<br \/>\n<\/LI><LI>Katru gabalu mazg\u0101 ar sk\u0101bi, p\u0113c tam sama\u013c ar rok\u0101m, pirms to 24 stundas pak\u013cauj akme\u0146iem un \u012bpa\u0161am \u0161\u0137\u012bdumam, un p\u0113c tam ar rok\u0101m atk\u0101rtoti apstr\u0101d\u0101 uz vis\u0101m virsm\u0101m, lai izveidotu apdegu\u0161\u0101s virsmas<br \/>\n<\/LI><LI>Aptuveni: Garums 5.5cm * Platums 2,9cm * Biezums 5mm<br \/>\n<\/LI><LI>Bico Keyklipz B s\u0113rija p\u0101rveido standarta EDC karab\u012bnes dizainu form\u0101s un stilos, kas k\u013c\u016bst par valk\u0101jamu modi, vienlaikus saglab\u0101jot visas standarta Every Day Carry Carabiner funkcijas.<br \/>\n<\/LI><LI>\u0160is ir ide\u0101ls keyring\/karab\u012bne ikdienas atsl\u0113gu un EDC r\u012bku n\u0113s\u0101\u0161anai \u2013 pietiekami stiprs, lai b\u016btu atkar\u012bgs no norm\u0101las ikdienas lieto\u0161anas.<br \/>\n<\/LI><LI>M\u016bsu izv\u0113l\u0113tie ikoniskie dizaini ir optimiz\u0113ti funkcijai, ta\u010du katram no tiem ir sava person\u012bba un \u012bpa\u0161s izmanto\u0161anas veids: piedz\u012bvojums, kas gaida, lai to izbaud\u012btu!<br \/>\n<\/LI><\/UL><\/p>","protected":false},"excerpt":{"rendered":"<p>KR25B-BLU 825873076200<\/p>\n","protected":false},"featured_media":21841,"template":"","meta":[],"product_cat":[122],"product_tag":[],"_links":{"self":[{"href":"https:\/\/bico.ee\/lv\/wp-json\/wp\/v2\/product\/21840"}],"collection":[{"href":"https:\/\/bico.ee\/lv\/wp-json\/wp\/v2\/product"}],"about":[{"href":"https:\/\/bico.ee\/lv\/wp-json\/wp\/v2\/types\/product"}],"wp:featuredmedia":[{"embeddable":true,"href":"https:\/\/bico.ee\/lv\/wp-json\/wp\/v2\/media\/21841"}],"wp:attachment":[{"href":"https:\/\/bico.ee\/lv\/wp-json\/wp\/v2\/media?parent=21840"}],"wp:term":[{"taxonomy":"product_cat","embeddable":true,"href":"https:\/\/bico.ee\/lv\/wp-json\/wp\/v2\/product_cat?post=21840"},{"taxonomy":"product_tag","embeddable":true,"href":"https:\/\/bico.ee\/lv\/wp-json\/wp\/v2\/product_tag?post=21840"}],"curies":[{"name":"wp","href":"https:\/\/api.w.org\/{rel}","templated":true}]}}