{"id":22298,"date":"2026-04-10T18:44:03","date_gmt":"2026-04-10T18:44:03","guid":{"rendered":""},"modified":"2026-04-10T18:44:03","modified_gmt":"2026-04-10T18:44:03","slug":"mitmekihilist-puuvillase-nooriga-ripats-rd1-2","status":"publish","type":"product","link":"https:\/\/bico.ee\/lv\/p\/daudzslanu-kulons-ar-kokvilnas-auklu-rd1-2\/","title":{"rendered":"Daudzsl\u0101\u0146u kulons ar kokvilnas auklu (RD1-2)"},"content":{"rendered":"<p>Nosaukums: Studded Skull<br \/>\n<BR><UL><LI>Noz\u012bme: neapstr\u0101d\u0101ts stils<br \/>\n<\/LI><LI>Regul\u0113jamas melnas vair\u0101ku pavedienu kokvilnas auklas kaklarotas garumu var main\u012bt no 18 l\u012bdz 20 l\u012bdz 22 coll\u0101m (45 mm vai 50 vai 55 mm).<br \/>\n<\/LI><LI>Ori\u0123in\u0101ls un unik\u0101ls Bico dizains, kas apvieno ar rok\u0101m apstr\u0101d\u0101tu alvas kulonu ar regul\u0113jamu melnu daudz\u0161\u0137iedru kokvilnas auklu.<br \/>\n<\/LI><LI>Regul\u0113jam\u0101s kaklarotas garumu var main\u012bt no 18 coll\u0101m (45 mm) l\u012bdz 22 coll\u0101m (55 mm), izmantojot integr\u0113to t\u0113rauda \u0137\u0113des elementu<br \/>\n<\/LI><\/UL><\/p>","protected":false},"excerpt":{"rendered":"<p>RD11 0<\/p>\n","protected":false},"featured_media":22621,"template":"","meta":[],"product_cat":[169],"product_tag":[],"_links":{"self":[{"href":"https:\/\/bico.ee\/lv\/wp-json\/wp\/v2\/product\/22298"}],"collection":[{"href":"https:\/\/bico.ee\/lv\/wp-json\/wp\/v2\/product"}],"about":[{"href":"https:\/\/bico.ee\/lv\/wp-json\/wp\/v2\/types\/product"}],"wp:featuredmedia":[{"embeddable":true,"href":"https:\/\/bico.ee\/lv\/wp-json\/wp\/v2\/media\/22621"}],"wp:attachment":[{"href":"https:\/\/bico.ee\/lv\/wp-json\/wp\/v2\/media?parent=22298"}],"wp:term":[{"taxonomy":"product_cat","embeddable":true,"href":"https:\/\/bico.ee\/lv\/wp-json\/wp\/v2\/product_cat?post=22298"},{"taxonomy":"product_tag","embeddable":true,"href":"https:\/\/bico.ee\/lv\/wp-json\/wp\/v2\/product_tag?post=22298"}],"curies":[{"name":"wp","href":"https:\/\/api.w.org\/{rel}","templated":true}]}}