{"id":22304,"date":"2026-04-10T18:44:03","date_gmt":"2026-04-10T18:44:03","guid":{"rendered":""},"modified":"2026-04-10T18:44:03","modified_gmt":"2026-04-10T18:44:03","slug":"mitmekihilist-puuvillase-nooriga-ripats-re2","status":"publish","type":"product","link":"https:\/\/bico.ee\/lv\/p\/daudzslanu-kulons-ar-kokvilnas-auklu-re2\/","title":{"rendered":"Daudzsl\u0101\u0146u kulons ar kokvilnas auklu (RE2)"},"content":{"rendered":"<p>V\u0101rds: Eagle Guardian<br \/>\n<BR><UL><LI>Noz\u012bme: pal\u012bdz\u0113t tiem, kuri pa\u0161i nevar pal\u012bdz\u0113t<br \/>\n<\/LI><LI>Vair\u0101ku pavedienu 31,5\u00a0collu (80\u00a0cm) kokvilnas auklas kaklarota ar rok\u0101m apstr\u0101d\u0101tu alvas kulonu<br \/>\n<\/LI><LI>31,5\u00a0collu (80\u00a0cm) dab\u012bga vair\u0101ku pavedienu kokvilnas aukla, kas apvienota ar alvas kulonu, kas oksid\u0113ta meln\u0101 kr\u0101s\u0101 un p\u0113c tam not\u012br\u012bta ar roku, lai rad\u012btu izgaismojumus un mat\u0113tu apdari.<br \/>\n<\/LI><\/UL><\/p>","protected":false},"excerpt":{"rendered":"<p>RE2P12A 825873078051<\/p>\n","protected":false},"featured_media":22641,"template":"","meta":[],"product_cat":[169],"product_tag":[],"_links":{"self":[{"href":"https:\/\/bico.ee\/lv\/wp-json\/wp\/v2\/product\/22304"}],"collection":[{"href":"https:\/\/bico.ee\/lv\/wp-json\/wp\/v2\/product"}],"about":[{"href":"https:\/\/bico.ee\/lv\/wp-json\/wp\/v2\/types\/product"}],"wp:featuredmedia":[{"embeddable":true,"href":"https:\/\/bico.ee\/lv\/wp-json\/wp\/v2\/media\/22641"}],"wp:attachment":[{"href":"https:\/\/bico.ee\/lv\/wp-json\/wp\/v2\/media?parent=22304"}],"wp:term":[{"taxonomy":"product_cat","embeddable":true,"href":"https:\/\/bico.ee\/lv\/wp-json\/wp\/v2\/product_cat?post=22304"},{"taxonomy":"product_tag","embeddable":true,"href":"https:\/\/bico.ee\/lv\/wp-json\/wp\/v2\/product_tag?post=22304"}],"curies":[{"name":"wp","href":"https:\/\/api.w.org\/{rel}","templated":true}]}}