{"id":22308,"date":"2026-04-10T18:44:03","date_gmt":"2026-04-10T18:44:03","guid":{"rendered":""},"modified":"2026-04-10T18:44:03","modified_gmt":"2026-04-10T18:44:03","slug":"nahk-noor-ripatsiga1","status":"publish","type":"product","link":"https:\/\/bico.ee\/lv\/p\/adas-aukla-ar-kulonu1\/","title":{"rendered":"\u0100das aukla ar kulonu"},"content":{"rendered":"<p>Nosaukums: Lauvas zv\u0113rests<br \/>\n<BR><UL><LI>Noz\u012bme: starp cilv\u0113kiem un lauv\u0101m nav zv\u0113resta<br \/>\n  <\/LI><LI>Mas\u012bvs, ar rok\u0101m apstr\u0101d\u0101ts alvas kulons ar 31,5\u00a0collu (80\u00a0cm) \u0101das kaklarotu<br \/>\n<\/LI><LI>31,5\u00a0collu (80\u00a0cm) dab\u012bgas \u0101das aukla ar kontrast\u0113jo\u0161u kokvilnas auklu, kas apvienota ar alvas kulonu, kas oksid\u0113ts meln\u0101 kr\u0101s\u0101 un p\u0113c tam ar roku noslauc\u012bts, lai rad\u012btu izgaismojumus un mat\u0113tu apdari.<br \/>\n<\/LI><\/UL><\/p>","protected":false},"excerpt":{"rendered":"<p>RB2P8A 825873077962<\/p>\n","protected":false},"featured_media":22655,"template":"","meta":[],"product_cat":[169],"product_tag":[],"_links":{"self":[{"href":"https:\/\/bico.ee\/lv\/wp-json\/wp\/v2\/product\/22308"}],"collection":[{"href":"https:\/\/bico.ee\/lv\/wp-json\/wp\/v2\/product"}],"about":[{"href":"https:\/\/bico.ee\/lv\/wp-json\/wp\/v2\/types\/product"}],"wp:featuredmedia":[{"embeddable":true,"href":"https:\/\/bico.ee\/lv\/wp-json\/wp\/v2\/media\/22655"}],"wp:attachment":[{"href":"https:\/\/bico.ee\/lv\/wp-json\/wp\/v2\/media?parent=22308"}],"wp:term":[{"taxonomy":"product_cat","embeddable":true,"href":"https:\/\/bico.ee\/lv\/wp-json\/wp\/v2\/product_cat?post=22308"},{"taxonomy":"product_tag","embeddable":true,"href":"https:\/\/bico.ee\/lv\/wp-json\/wp\/v2\/product_tag?post=22308"}],"curies":[{"name":"wp","href":"https:\/\/api.w.org\/{rel}","templated":true}]}}