{"id":22327,"date":"2026-04-10T18:44:03","date_gmt":"2026-04-10T18:44:03","guid":{"rendered":""},"modified":"2026-04-10T18:44:03","modified_gmt":"2026-04-10T18:44:03","slug":"nahk-noor-ripatsiga8","status":"publish","type":"product","link":"https:\/\/bico.ee\/lv\/p\/adas-aukla-ar-kulonu8\/","title":{"rendered":"\u0100das aukla ar kulonu"},"content":{"rendered":"<p>Nosaukums: Zivju kauls<br \/>\n<BR><UL><LI>Noz\u012bme: sp\u0113ks iek\u0161\u0101<br \/>\n<\/LI><LI>Mas\u012bvs, ar rok\u0101m apstr\u0101d\u0101ts alvas kulons ar 31,5\u00a0collu (80\u00a0cm) \u0101das kaklarotu<br \/>\n<\/LI><LI>31,5\u00a0collu (80\u00a0cm) dab\u012bgas \u0101das aukla ar kontrast\u0113jo\u0161u kokvilnas auklu, kas apvienota ar alvas kulonu, kas oksid\u0113ts meln\u0101 kr\u0101s\u0101 un p\u0113c tam ar roku noslauc\u012bts, lai rad\u012btu izgaismojumus un mat\u0113tu apdari.<br \/>\n<\/LI><\/UL><\/p>","protected":false},"excerpt":{"rendered":"<p>RA1-1 0<\/p>\n","protected":false},"featured_media":22707,"template":"","meta":[],"product_cat":[169],"product_tag":[],"_links":{"self":[{"href":"https:\/\/bico.ee\/lv\/wp-json\/wp\/v2\/product\/22327"}],"collection":[{"href":"https:\/\/bico.ee\/lv\/wp-json\/wp\/v2\/product"}],"about":[{"href":"https:\/\/bico.ee\/lv\/wp-json\/wp\/v2\/types\/product"}],"wp:featuredmedia":[{"embeddable":true,"href":"https:\/\/bico.ee\/lv\/wp-json\/wp\/v2\/media\/22707"}],"wp:attachment":[{"href":"https:\/\/bico.ee\/lv\/wp-json\/wp\/v2\/media?parent=22327"}],"wp:term":[{"taxonomy":"product_cat","embeddable":true,"href":"https:\/\/bico.ee\/lv\/wp-json\/wp\/v2\/product_cat?post=22327"},{"taxonomy":"product_tag","embeddable":true,"href":"https:\/\/bico.ee\/lv\/wp-json\/wp\/v2\/product_tag?post=22327"}],"curies":[{"name":"wp","href":"https:\/\/api.w.org\/{rel}","templated":true}]}}