{"id":22409,"date":"2026-04-10T18:44:03","date_gmt":"2026-04-10T18:44:03","guid":{"rendered":""},"modified":"2026-04-10T18:44:03","modified_gmt":"2026-04-10T18:44:03","slug":"kaevoru-nahast-bico-fb401blk","status":"publish","type":"product","link":"https:\/\/bico.ee\/lv\/p\/rokasspradze-adas-bico-fb401blk\/","title":{"rendered":"Rokasspr\u0101dze \u0101das Bico (FB401BLK)"},"content":{"rendered":"<p>Nosaukums: Enkurs<br \/>\n<BR><UL><LI> Noz\u012bme: stabili un sp\u0113c\u012bgi pamati<br \/>\n<\/LI><LI> Div\u0161\u0137iedru .24&#8242; (6mm) \u0101das Bolo rokasspr\u0101dze ar rok\u0101m darin\u0101tiem pewter savienot\u0101jiem<br \/>\n<\/LI><LI> Bico klasisk\u0101s meln\u0101s \u0101das dubult\u0101 .24&#8242; (6mm) bolo rokasspr\u0101dze apvienojum\u0101 ar cietu pewter savienot\u0101ju oksid\u0113ta meln\u0101 kr\u0101s\u0101 un p\u0113c tam ar rok\u0101m mat\u0113ta, lai rad\u012btu akcentus un mat\u0113tu apdari.<br \/>\n<\/LI><\/UL> <\/p>","protected":false},"excerpt":{"rendered":"<p>FB401BLK 0<\/p>\n","protected":false},"featured_media":22751,"template":"","meta":[],"product_cat":[106,159],"product_tag":[],"_links":{"self":[{"href":"https:\/\/bico.ee\/lv\/wp-json\/wp\/v2\/product\/22409"}],"collection":[{"href":"https:\/\/bico.ee\/lv\/wp-json\/wp\/v2\/product"}],"about":[{"href":"https:\/\/bico.ee\/lv\/wp-json\/wp\/v2\/types\/product"}],"wp:featuredmedia":[{"embeddable":true,"href":"https:\/\/bico.ee\/lv\/wp-json\/wp\/v2\/media\/22751"}],"wp:attachment":[{"href":"https:\/\/bico.ee\/lv\/wp-json\/wp\/v2\/media?parent=22409"}],"wp:term":[{"taxonomy":"product_cat","embeddable":true,"href":"https:\/\/bico.ee\/lv\/wp-json\/wp\/v2\/product_cat?post=22409"},{"taxonomy":"product_tag","embeddable":true,"href":"https:\/\/bico.ee\/lv\/wp-json\/wp\/v2\/product_tag?post=22409"}],"curies":[{"name":"wp","href":"https:\/\/api.w.org\/{rel}","templated":true}]}}