{"id":22417,"date":"2026-04-10T18:44:04","date_gmt":"2026-04-10T18:44:04","guid":{"rendered":""},"modified":"2026-04-10T18:44:04","modified_gmt":"2026-04-10T18:44:04","slug":"kaevoru-nahast-bico-fb403blk","status":"publish","type":"product","link":"https:\/\/bico.ee\/lv\/p\/rokasspradze-adas-bico-fb403blk\/","title":{"rendered":"Rokasspr\u0101dze \u0101das Bico (FB403BLK)"},"content":{"rendered":"<p>V\u0101rds, uzv\u0101rds: Double Bolo<br \/>\n<BR><UL><LI> Divvirzienu .24&#8242; (6mm) melna \u0101das Bolo rokasspr\u0101dze ar rok\u0101m darin\u0101tiem pewter savienot\u0101jiem<br \/>\n<\/LI><LI> Bico klasisk\u0101s meln\u0101s \u0101das dubult\u0101 .24&#8242; (6mm) bolo rokasspr\u0101dze apvienojum\u0101 ar cietu pewter savienot\u0101ju oksid\u0113ta meln\u0101 kr\u0101s\u0101 un p\u0113c tam ar rok\u0101m mat\u0113ta, lai rad\u012btu akcentus un mat\u0113tu apdari.<br \/>\n<\/LI><\/UL> <\/p>","protected":false},"excerpt":{"rendered":"<p>FB403BLK 0<\/p>\n","protected":false},"featured_media":22765,"template":"","meta":[],"product_cat":[106,159],"product_tag":[],"_links":{"self":[{"href":"https:\/\/bico.ee\/lv\/wp-json\/wp\/v2\/product\/22417"}],"collection":[{"href":"https:\/\/bico.ee\/lv\/wp-json\/wp\/v2\/product"}],"about":[{"href":"https:\/\/bico.ee\/lv\/wp-json\/wp\/v2\/types\/product"}],"wp:featuredmedia":[{"embeddable":true,"href":"https:\/\/bico.ee\/lv\/wp-json\/wp\/v2\/media\/22765"}],"wp:attachment":[{"href":"https:\/\/bico.ee\/lv\/wp-json\/wp\/v2\/media?parent=22417"}],"wp:term":[{"taxonomy":"product_cat","embeddable":true,"href":"https:\/\/bico.ee\/lv\/wp-json\/wp\/v2\/product_cat?post=22417"},{"taxonomy":"product_tag","embeddable":true,"href":"https:\/\/bico.ee\/lv\/wp-json\/wp\/v2\/product_tag?post=22417"}],"curies":[{"name":"wp","href":"https:\/\/api.w.org\/{rel}","templated":true}]}}